{"id":27679,"date":"2025-10-05T16:20:17","date_gmt":"2025-10-05T16:20:17","guid":{"rendered":"https:\/\/www.chateaudeciteaux.fontenille-collection.com\/?page_id=27679"},"modified":"2026-04-07T15:17:19","modified_gmt":"2026-04-07T15:17:19","slug":"datenschutzrichtlinie-schloss-citeaux","status":"publish","type":"page","link":"https:\/\/www.chateaudeciteaux.fontenille-collection.com\/de\/datenschutzrichtlinie-schloss-citeaux\/","title":{"rendered":"Datenschutz"},"content":{"rendered":"<div data-elementor-type=\"wp-page\" data-elementor-id=\"27679\" class=\"elementor elementor-27679\" data-elementor-settings=\"{&quot;asli_hide_title_disabled&quot;:&quot;yes&quot;}\" data-elementor-post-type=\"page\">\n\t\t\t\t<div class=\"elementor-element elementor-element-f9d8ca2 e-flex e-con-boxed pt-xlarge px-gutters-horizontal e-con e-parent\" data-id=\"f9d8ca2\" data-element_type=\"container\" data-e-type=\"container\" data-settings=\"{&quot;background_background&quot;:&quot;classic&quot;}\">\n\t\t\t\t\t<div class=\"e-con-inner\">\n\t\t\t\t<div class=\"elementor-element elementor-element-2917c42f elementor-widget elementor-widget-text-editor\" data-id=\"2917c42f\" data-element_type=\"widget\" data-e-type=\"widget\" data-widget_type=\"text-editor.default\">\n\t\t\t\t<div class=\"elementor-widget-container\">\n\t\t\t\t\t\t\t\t\t<h2>Datenschutzrichtlinie<\/h2>\n<p><!-- \/wp:heading --><!-- wp:paragraph --><\/p>\n<h5><strong>Allgemeine Informationen:<\/strong><\/h5>\n<p>Wenn Sie unsere Website besuchen, werden verschiedene Arten von Informationen gesammelt, darunter die IP-Adresse, von der aus Sie auf die Website zugreifen, die Version und Art des Browsers, der f\u00fcr den Zugriff auf die Website verwendet wird, das Betriebssystem, die Dom\u00e4nen und die Uhrzeit der Anfrage. Diese Informationen erm\u00f6glichen keine Identifizierung des Benutzers, und dies ist auch nicht unser Ziel. Wir verwenden die gesammelten Informationen ausschlie\u00dflich zu statistischen Zwecken, die es uns haupts\u00e4chlich erm\u00f6glichen, den Inhalt und die Darstellung unserer Website zu verbessern. Bitte beachten Sie, dass wir zus\u00e4tzliche Daten wie Name, Post- und E-Mail-Adressen, Telefonnummern erfassen k\u00f6nnen, die Sie uns freiwillig w\u00e4hrend der Nutzung unserer Website zur Verf\u00fcgung stellen. Sie k\u00f6nnen unsere Dienste auch mit einem Pseudonym oder anonymisierten Daten bezahlen und nutzen, ohne uns die oben genannten pers\u00f6nlichen Daten mitzuteilen.<\/p>\n<h5><strong>Cookies<\/strong><\/h5>\n<p>Diese Website verwendet Cookies, um Daten zu sammeln, die f\u00fcr statistische Zwecke verwendet werden. Cookies sind kleine Dateien, die auf der Festplatte Ihres Computers gespeichert werden; wenn Sie auf unserer Website surfen, \u00fcberwachen sie Ihre Aktivit\u00e4ten und liefern uns so Schl\u00fcsseldaten, mit denen wir Ihnen die Navigation erleichtern k\u00f6nnen. Wenn Cookies auf Ihrem Computer gespeichert sind, m\u00fcssen Sie nicht jedes Mal, wenn Sie diese Website besuchen, alle f\u00fcr den Zugriff auf diese Website erforderlichen Daten eingeben. Diese Daten erm\u00f6glichen es uns, unsere Website an Ihren Geschmack und Ihre Bed\u00fcrfnisse anzupassen; dies ist Teil unserer Bem\u00fchungen, Ihnen einen reibungslosen Zugang zu unseren Seiten und Diensten zu erm\u00f6glichen. Wenn Sie nicht m\u00f6chten, dass Cookies auf Ihrem Computer gespeichert werden, k\u00f6nnen Sie mithilfe der Browsereinstellungen die Cookies von unserer Seite blockieren. Um zu erfahren, wie Sie Ihren Browser bez\u00fcglich der Verwaltung von Cookies konfigurieren, besuchen Sie bitte das Hilfecenter Ihres Browsers. Sie k\u00f6nnen bereits auf Ihrem Computer gespeicherte Cookies l\u00f6schen, wenn Sie dies w\u00fcnschen. Bitte beachten Sie, dass das Blockieren von Cookies den Zugriff auf bestimmte Funktionen unserer Website einschr\u00e4nken und zu einer geringeren Benutzerfreundlichkeit f\u00fchren kann.<\/p>\n<h5><strong>Weitergabe von Daten an Dritte<\/strong><\/h5>\n<p>Sofern in dieser Erkl\u00e4rung nicht anders angegeben, werden alle Daten, die Sie mit uns teilen oder die wir von Ihnen erheben, wenn Sie auf unserer Website surfen, geheim gehalten und nicht an Dritte weitergegeben, es sei denn, dies ist gesetzlich vorgeschrieben oder die Daten m\u00fcssen zum Zweck der Erf\u00fcllung des Vertragsverh\u00e4ltnisses, das Sie eingegangen sind, weitergegeben werden. Dritte Unternehmen und Partner, darunter Online-Zahlungsunternehmen, haben nur dann Zugriff auf diese Daten, wenn dies f\u00fcr die Bearbeitung Ihrer Bestellung erforderlich ist. In diesen F\u00e4llen stellen wir sicher, dass der Rahmen der Daten\u00fcbermittlung auf dem vereinbarten wesentlichen Minimum gehalten wird. Wir schreiben au\u00dferdem eine strenge Datenschutzrichtlinie f\u00fcr personenbezogene Daten vor, die Sie uns zur Verf\u00fcgung stellen oder die wir finden. Indem wir diese Richtlinien befolgen, halten wir uns an die Bestimmungen der Datenschutzgesetze. Bitte beachten Sie, dass wir nicht f\u00fcr Daten verantwortlich sind, die Sie an andere Dienstleister weitergeben. Wir ergreifen lediglich Ma\u00dfnahmen, um sicherzustellen, dass alle Daten \u00fcber Sie, die von anderen Dienstleistern weitergegeben werden, in \u00dcbereinstimmung mit den Anforderungen der Datenschutz- und Privatsph\u00e4regesetze weitergegeben werden, wie sie in unserer Datenschutzrichtlinie aufgef\u00fchrt sind.<\/p>\n<h5><strong>Google Analytics<\/strong><\/h5>\n<p>Diese Website nutzt Google Analytics, einen Webanalysedienst von Google, der Websites dabei hilft, die Nutzererfahrung zu verbessern. Dieser Dienst verwendet Cookies, um Ihre Aktionen zu verfolgen, einschlie\u00dflich der Zeit, die Sie auf unserer Website verbringen, und der Seiten, die Sie besuchen. Bitte beachten Sie, dass durch die Nutzung unseres Google Analytics-Kontos keine pers\u00f6nlichen Daten von Ihnen erfasst werden, sodass wir nicht identifizieren k\u00f6nnen, wer unsere Website besucht. Weitere Informationen zu Google Analytics finden Sie auf der offiziellen Seite.<\/p>\n<h5><strong>Google AdWords Remarketing:<\/strong><\/h5>\n<p>Wir verwenden Google AdWords Remarketing f\u00fcr Werbezwecke im Internet. Das Remarketing-Programm von AdWords erm\u00f6glicht es, relevante Werbung basierend auf den von Ihnen besuchten Seiten anzuzeigen. Diese Informationen werden \u00fcber einen Cookie gesammelt, der auf Ihrem Computer platziert wird. DIESER COOKIE WIRD KEINE PERSONENBEZOGENEN DATEN IDENTIFIZIEREN UND ERM\u00d6GLICHT KEINEN ZUGRIFF AUF IHREN COMPUTER. Dank des Remarketing-Programms von Google AdWords sind wir in der Lage, unsere Marketingaktionen zu personalisieren, um Ihren Bed\u00fcrfnissen gerecht zu werden und nur Anzeigen zu schalten, die Sie wahrscheinlich ansprechen.<\/p>\n<p>Facebook: Benutzerdefinierte Zielgruppe (benutzerdefinierte Zielgruppe Ihrer Website):<\/p>\n<p>Ein Facebook-Pixel f\u00fcr benutzerdefinierte Zielgruppen ist ein St\u00fcck JavaScript-Code, das auf jeder Seite Ihrer Website installiert ist und vom Benutzer definierte Daten sammelt und an das Facebook-Marketingprogramm weiterleitet. Wir nutzen diesen Dienst, um Daten im Zusammenhang mit dem Nutzerverhalten auf unserer Website zu sammeln. Zu den vom Pixel gesammelten Informationen geh\u00f6ren die Browsersitzung des Nutzers, die zusammen mit einer gehashten ID und der vom Nutzer besuchten URL an Facebook gesendet wird. Jeder Facebook-Nutzer hat eine eindeutige Facebook-ID, unabh\u00e4ngig vom verwendeten Ger\u00e4t, die uns hilft, Besucher zu \u00fcberwachen, wenn sie von verschiedenen Ger\u00e4tetypen auf unsere Website zugreifen. Wir verwenden diese Daten f\u00fcr Gesch\u00e4ftszwecke und insbesondere zur Ausrichtung von Anzeigen \u00fcber die Facebook-Werbeplattform.<\/p>\n<h5><strong>Newsletter:<\/strong><\/h5>\n<p>Werbeinformationen erhalten Sie \u00fcber unseren Newsletter nur, wenn Sie uns dazu erm\u00e4chtigen, Ihre E-Mail-Adresse zu diesem Zweck zu nutzen. Unsere Website oder ihre Tochtergesellschaften werden Ihnen niemals Newsletter oder Werbe-E-Mails zusenden, wenn Sie diese nicht abonniert haben. Indem Sie unseren Newsletter abonnieren, k\u00f6nnen Sie Ihre Interessen ausw\u00e4hlen, um damit verkn\u00fcpfte E-Mails zu erhalten. Wir verwenden diese Angaben sowie Ihre pers\u00f6nlichen Daten, um Ihnen f\u00fcr Sie interessante Informationen zuzusenden. Wenn Sie sich lieber von unserem Newsletter oder unseren Werbe-E-Mails abmelden m\u00f6chten, k\u00f6nnen Sie auf den Abmeldelink am Ende unserer E-Mails klicken.<\/p>\n<h5>Video\u00fcberwachung<\/h5>\n<p>Die Einrichtung steht zur Sicherheit von Personen und G\u00fctern unter Video\u00fcberwachung durch Les Domaines de Fontenille SAS.<\/p>\n<p>Die Bilder werden einen Monat lang aufbewahrt. Im Falle eines sicherheitsrelevanten Vorfalls mit Personen- und Sachsch\u00e4den k\u00f6nnen die Videoaufnahmen jedoch aus dem System extrahiert werden. Sie werden dann auf einem anderen Medium aufbewahrt, solange die Verfahren im Zusammenhang mit diesem Vorfall laufen, und sind ausschlie\u00dflich f\u00fcr die in diesem Rahmen autorisierten Personen zug\u00e4nglich.<\/p>\n<p>Die Bilder k\u00f6nnen im Falle eines Vorfalls von autorisiertem Personal der betreffenden Einrichtung oder des Unternehmens Les Domaines de Fontenille SAS sowie von Ordnungskr\u00e4ften eingesehen werden. Wartungspersonal des Unternehmens kann zu diesem einzigen Zweck ebenfalls auf die Bilder zugreifen.<\/p>\n<p>Um Ihre Rechte gem\u00e4\u00df der Datenschutz- und Freiheitsgesetzgebung auszu\u00fcben, insbesondere Ihr Recht auf Zugang zu den Sie betreffenden Bildern, Ihr Recht auf deren L\u00f6schung, Ihr Widerspruchsrecht oder f\u00fcr weitere Informationen zu diesem System, k\u00f6nnen Sie uns kontaktieren, indem Sie schreiben an <strong>privacy@fontenillecollection.com<\/strong> oder an folgende Postanschrift: 9, avenue de l\u2019Op\u00e9ra, 75001 Paris.<\/p>\n<p>Wenn Sie nach Kontaktaufnahme mit uns der Meinung sind, dass Ihre Datenschutzrechte nicht eingehalten werden oder die Video\u00fcberwachung nicht den Datenschutzbestimmungen entspricht, k\u00f6nnen Sie online oder per Post eine Beschwerde bei der CNIL einreichen.<\/p>\n<h5>Verarbeitung Ihrer personenbezogenen Daten:<\/h5>\n<p>Die auf der Website, \u00fcber Kontaktformulare, telefonisch oder auf andere Weise erhobenen personenbezogenen Daten werden gem\u00e4\u00df der Verordnung (EU) 2016\/679 des Europ\u00e4ischen Parlaments und des Rates vom 27. April 2016 zum Schutz nat\u00fcrlicher Personen bei der Verarbeitung personenbezogener Daten und zum freien Datenverkehr sowie des Gesetzes Nr. 78-17 vom 6. Januar 1978 \u00fcber Informatik, Dateien und Freiheiten, besser bekannt als das Gesetz \u00fcber Informatik und Freiheiten, verarbeitet.<\/p>\n<p>Die rechtlichen Grundlagen der Verarbeitung sind die rechtliche Verpflichtung, das berechtigte Interesse (Video\u00fcberwachung), die Einwilligung (Newsletter) oder der Vertrag (Buchungen).<\/p>\n<p>Les Domaines de Fontenille SAS wird die personenbezogenen Daten des Kunden nicht l\u00e4nger als die von den geltenden Gesetzen und Vorschriften f\u00fcr personenbezogene Daten vorgeschriebene Dauer speichern.<\/p>\n<p>Les Domaines de Fontenille SAS f\u00fchrt keine \u00dcbermittlungen zum Zweck der Verarbeitung, Speicherung oder des Fernzugriffs ohne die schriftliche und vorherige Zustimmung des Kunden au\u00dferhalb der L\u00e4nder der Europ\u00e4ischen Union und der L\u00e4nder durch, die von der Europ\u00e4ischen Kommission als L\u00e4nder anerkannt sind, die zum Zeitpunkt der betreffenden \u00dcbermittlung ein angemessenes Schutzniveau gew\u00e4hrleisten. Sie haben das Recht auf Auskunft, \u00c4nderung, Berichtigung, Widerruf der Einwilligung und L\u00f6schung der Sie betreffenden Daten (Artikel 34 des Gesetzes \u00abInformatik und Freiheiten\u00bb).<\/p>\n<p>Zur Aus\u00fcbung wenden Sie sich an: privacy@fontenillecollection.com<\/p>\n<p><strong>Informationspflicht zur BLOCTEL-Vorrichtung<\/strong> (Artikel L223-2 des Verbrauchergesetzbuches)<\/p>\n<p>\u00abWenn ein Gewerbetreibender von einem Verbraucher Telefonnummern erhebt, informiert er ihn \u00fcber sein Recht, sich in die Liste der Einw\u00e4nde gegen telefonische Werbung einzutragen. Wenn diese Datenerhebung im Rahmen eines Vertragsabschlusses erfolgt, erw\u00e4hnt der Vertrag klar und verst\u00e4ndlich die Existenz dieses Rechts f\u00fcr den Verbraucher. \u00bb<\/p>\n<p>Sie k\u00f6nnen sich kostenlos in die Liste zum Schutz vor unerw\u00fcnschter Telefonwerbung namens BLOCTEL eintragen.<\/p>\t\t\t\t\t\t\t\t<\/div>\n\t\t\t\t<\/div>\n\t\t\t\t\t<\/div>\n\t\t\t\t<\/div>\n\t\t\t\t<\/div>","protected":false},"excerpt":{"rendered":"<p>Politique de Confidentialit\u00e9 Informations g\u00e9n\u00e9rales : Lorsque vous visitez notre site Internet, diff\u00e9rents types d\u2019informations sont r\u00e9colt\u00e9s dont l\u2019adresse IP depuis laquelle vous acc\u00e9dez au site, la version et le type de navigateur utilis\u00e9s pour acc\u00e9der au site, le syst\u00e8me d\u2019exploitation utilis\u00e9, les domaines et l\u2019heure de la requ\u00eate. Ces informations ne nous permettent pas [&hellip;]<\/p>\n","protected":false},"author":2,"featured_media":0,"parent":0,"menu_order":0,"comment_status":"closed","ping_status":"closed","template":"","meta":{"_acf_changed":false,"footnotes":""},"class_list":["post-27679","page","type-page","status-publish","hentry"],"acf":[],"yoast_head":"<!-- This site is optimized with the Yoast SEO plugin v27.4 - https:\/\/yoast.com\/product\/yoast-seo-wordpress\/ -->\n<title>Confidentialit\u00e9 | H\u00f4tel Ch\u00e2teau Restaurant &amp; Spa de C\u00eeteaux<\/title>\n<meta name=\"description\" content=\"Politique de confidentialit\u00e9 du site de l\u2019h\u00f4tel Ch\u00e2teau de C\u00eeteaux, restaurant gastronomique et spa \u00e0 Meursault, en Bourgogne.\" \/>\n<meta name=\"robots\" content=\"index, follow, max-snippet:-1, max-image-preview:large, max-video-preview:-1\" \/>\n<link rel=\"canonical\" href=\"https:\/\/www.chateaudeciteaux.fontenille-collection.com\/de\/datenschutzrichtlinie-schloss-citeaux\/\" \/>\n<meta property=\"og:locale\" content=\"de_DE\" \/>\n<meta property=\"og:type\" content=\"article\" \/>\n<meta property=\"og:title\" content=\"Confidentialit\u00e9 | H\u00f4tel Ch\u00e2teau Restaurant &amp; Spa de C\u00eeteaux\" \/>\n<meta property=\"og:description\" content=\"Politique de confidentialit\u00e9 du site de l\u2019h\u00f4tel Ch\u00e2teau de C\u00eeteaux, restaurant gastronomique et spa \u00e0 Meursault, en Bourgogne.\" \/>\n<meta property=\"og:url\" content=\"https:\/\/www.chateaudeciteaux.fontenille-collection.com\/de\/datenschutzrichtlinie-schloss-citeaux\/\" \/>\n<meta property=\"og:site_name\" content=\"Ch\u00e2teau de C\u00eeteaux- H\u00f4tel, Restaurant &amp; Spa d\u2019exception pr\u00e8s de Beaune\" \/>\n<meta property=\"article:modified_time\" content=\"2026-04-07T15:17:19+00:00\" \/>\n<meta name=\"twitter:card\" content=\"summary_large_image\" \/>\n<meta name=\"twitter:label1\" content=\"Gesch\u00e4tzte Lesezeit\" \/>\n\t<meta name=\"twitter:data1\" content=\"8\u00a0Minuten\" \/>\n<script type=\"application\/ld+json\" class=\"yoast-schema-graph\">{\"@context\":\"https:\\\/\\\/schema.org\",\"@graph\":[{\"@type\":\"WebPage\",\"@id\":\"https:\\\/\\\/www.chateaudeciteaux.fontenille-collection.com\\\/politique-de-confidentialite-chateau-de-citeaux\\\/\",\"url\":\"https:\\\/\\\/www.chateaudeciteaux.fontenille-collection.com\\\/politique-de-confidentialite-chateau-de-citeaux\\\/\",\"name\":\"Confidentialit\u00e9 | H\u00f4tel Ch\u00e2teau Restaurant & Spa de C\u00eeteaux\",\"isPartOf\":{\"@id\":\"https:\\\/\\\/www.chateaudeciteaux.fontenille-collection.com\\\/#website\"},\"datePublished\":\"2025-10-05T16:20:17+00:00\",\"dateModified\":\"2026-04-07T15:17:19+00:00\",\"description\":\"Politique de confidentialit\u00e9 du site de l\u2019h\u00f4tel Ch\u00e2teau de C\u00eeteaux, restaurant gastronomique et spa \u00e0 Meursault, en Bourgogne.\",\"breadcrumb\":{\"@id\":\"https:\\\/\\\/www.chateaudeciteaux.fontenille-collection.com\\\/politique-de-confidentialite-chateau-de-citeaux\\\/#breadcrumb\"},\"inLanguage\":\"de\",\"potentialAction\":[{\"@type\":\"ReadAction\",\"target\":[\"https:\\\/\\\/www.chateaudeciteaux.fontenille-collection.com\\\/politique-de-confidentialite-chateau-de-citeaux\\\/\"]}]},{\"@type\":\"BreadcrumbList\",\"@id\":\"https:\\\/\\\/www.chateaudeciteaux.fontenille-collection.com\\\/politique-de-confidentialite-chateau-de-citeaux\\\/#breadcrumb\",\"itemListElement\":[{\"@type\":\"ListItem\",\"position\":1,\"name\":\"Accueil\",\"item\":\"https:\\\/\\\/www.chateaudeciteaux.fontenille-collection.com\\\/\"},{\"@type\":\"ListItem\",\"position\":2,\"name\":\"Confidentialit\u00e9\"}]},{\"@type\":\"WebSite\",\"@id\":\"https:\\\/\\\/www.chateaudeciteaux.fontenille-collection.com\\\/#website\",\"url\":\"https:\\\/\\\/www.chateaudeciteaux.fontenille-collection.com\\\/\",\"name\":\"Ch\u00e2teau de C\u00eeteaux - H\u00f4tel & Spa d\u2019exception pr\u00e8s de Meursault\",\"description\":\"Habiter la Bourgogne, autrement, entre vignes &amp; h\u00e9ritage\",\"publisher\":{\"@id\":\"https:\\\/\\\/www.chateaudeciteaux.fontenille-collection.com\\\/#organization\"},\"potentialAction\":[{\"@type\":\"SearchAction\",\"target\":{\"@type\":\"EntryPoint\",\"urlTemplate\":\"https:\\\/\\\/www.chateaudeciteaux.fontenille-collection.com\\\/?s={search_term_string}\"},\"query-input\":{\"@type\":\"PropertyValueSpecification\",\"valueRequired\":true,\"valueName\":\"search_term_string\"}}],\"inLanguage\":\"de\"},{\"@type\":\"Organization\",\"@id\":\"https:\\\/\\\/www.chateaudeciteaux.fontenille-collection.com\\\/#organization\",\"name\":\"Ch\u00e2teau de C\u00eeteaux - H\u00f4tel & Spa d\u2019exception pr\u00e8s de Meursault\",\"url\":\"https:\\\/\\\/www.chateaudeciteaux.fontenille-collection.com\\\/\",\"logo\":{\"@type\":\"ImageObject\",\"inLanguage\":\"de\",\"@id\":\"https:\\\/\\\/www.chateaudeciteaux.fontenille-collection.com\\\/#\\\/schema\\\/logo\\\/image\\\/\",\"url\":\"https:\\\/\\\/www.chateaudeciteaux.fontenille-collection.com\\\/wp-content\\\/uploads\\\/2026\\\/04\\\/CHATEAU-DE-CITEAUX_BLOCMARQUE_CEP_01.png\",\"contentUrl\":\"https:\\\/\\\/www.chateaudeciteaux.fontenille-collection.com\\\/wp-content\\\/uploads\\\/2026\\\/04\\\/CHATEAU-DE-CITEAUX_BLOCMARQUE_CEP_01.png\",\"width\":1618,\"height\":1265,\"caption\":\"Ch\u00e2teau de C\u00eeteaux - H\u00f4tel & Spa d\u2019exception pr\u00e8s de Meursault\"},\"image\":{\"@id\":\"https:\\\/\\\/www.chateaudeciteaux.fontenille-collection.com\\\/#\\\/schema\\\/logo\\\/image\\\/\"}}]}<\/script>\n<!-- \/ Yoast SEO plugin. -->","yoast_head_json":{"title":"Datenschutz | Hotel Ch\u00e2teau Restaurant &amp; Spa de C\u00eeteaux","description":"Datenschutzrichtlinie der Website des Ch\u00e2teau de C\u00eeteaux, Gourmetrestaurant und Spa in Meursault, Burgund.","robots":{"index":"index","follow":"follow","max-snippet":"max-snippet:-1","max-image-preview":"max-image-preview:large","max-video-preview":"max-video-preview:-1"},"canonical":"https:\/\/www.chateaudeciteaux.fontenille-collection.com\/de\/datenschutzrichtlinie-schloss-citeaux\/","og_locale":"de_DE","og_type":"article","og_title":"Confidentialit\u00e9 | H\u00f4tel Ch\u00e2teau Restaurant & Spa de C\u00eeteaux","og_description":"Politique de confidentialit\u00e9 du site de l\u2019h\u00f4tel Ch\u00e2teau de C\u00eeteaux, restaurant gastronomique et spa \u00e0 Meursault, en Bourgogne.","og_url":"https:\/\/www.chateaudeciteaux.fontenille-collection.com\/de\/datenschutzrichtlinie-schloss-citeaux\/","og_site_name":"Ch\u00e2teau de C\u00eeteaux- H\u00f4tel, Restaurant &amp; Spa d\u2019exception pr\u00e8s de Beaune","article_modified_time":"2026-04-07T15:17:19+00:00","twitter_card":"summary_large_image","twitter_misc":{"Gesch\u00e4tzte Lesezeit":"8\u00a0Minuten"},"schema":{"@context":"https:\/\/schema.org","@graph":[{"@type":"WebPage","@id":"https:\/\/www.chateaudeciteaux.fontenille-collection.com\/politique-de-confidentialite-chateau-de-citeaux\/","url":"https:\/\/www.chateaudeciteaux.fontenille-collection.com\/politique-de-confidentialite-chateau-de-citeaux\/","name":"Datenschutz | Hotel Ch\u00e2teau Restaurant &amp; Spa de C\u00eeteaux","isPartOf":{"@id":"https:\/\/www.chateaudeciteaux.fontenille-collection.com\/#website"},"datePublished":"2025-10-05T16:20:17+00:00","dateModified":"2026-04-07T15:17:19+00:00","description":"Datenschutzrichtlinie der Website des Ch\u00e2teau de C\u00eeteaux, Gourmetrestaurant und Spa in Meursault, Burgund.","breadcrumb":{"@id":"https:\/\/www.chateaudeciteaux.fontenille-collection.com\/politique-de-confidentialite-chateau-de-citeaux\/#breadcrumb"},"inLanguage":"de","potentialAction":[{"@type":"ReadAction","target":["https:\/\/www.chateaudeciteaux.fontenille-collection.com\/politique-de-confidentialite-chateau-de-citeaux\/"]}]},{"@type":"BreadcrumbList","@id":"https:\/\/www.chateaudeciteaux.fontenille-collection.com\/politique-de-confidentialite-chateau-de-citeaux\/#breadcrumb","itemListElement":[{"@type":"ListItem","position":1,"name":"Accueil","item":"https:\/\/www.chateaudeciteaux.fontenille-collection.com\/"},{"@type":"ListItem","position":2,"name":"Confidentialit\u00e9"}]},{"@type":"WebSite","@id":"https:\/\/www.chateaudeciteaux.fontenille-collection.com\/#website","url":"https:\/\/www.chateaudeciteaux.fontenille-collection.com\/","name":"Ch\u00e2teau de C\u00eeteaux - Au\u00dfergew\u00f6hnliches Hotel &amp; Spa in der N\u00e4he von Meursault","description":"Wohnen in Burgund, anders, zwischen Weinbergen &amp; Erbe","publisher":{"@id":"https:\/\/www.chateaudeciteaux.fontenille-collection.com\/#organization"},"potentialAction":[{"@type":"SearchAction","target":{"@type":"EntryPoint","urlTemplate":"https:\/\/www.chateaudeciteaux.fontenille-collection.com\/?s={search_term_string}"},"query-input":{"@type":"PropertyValueSpecification","valueRequired":true,"valueName":"search_term_string"}}],"inLanguage":"de"},{"@type":"Organization","@id":"https:\/\/www.chateaudeciteaux.fontenille-collection.com\/#organization","name":"Ch\u00e2teau de C\u00eeteaux - Au\u00dfergew\u00f6hnliches Hotel &amp; Spa in der N\u00e4he von Meursault","url":"https:\/\/www.chateaudeciteaux.fontenille-collection.com\/","logo":{"@type":"ImageObject","inLanguage":"de","@id":"https:\/\/www.chateaudeciteaux.fontenille-collection.com\/#\/schema\/logo\/image\/","url":"https:\/\/www.chateaudeciteaux.fontenille-collection.com\/wp-content\/uploads\/2026\/04\/CHATEAU-DE-CITEAUX_BLOCMARQUE_CEP_01.png","contentUrl":"https:\/\/www.chateaudeciteaux.fontenille-collection.com\/wp-content\/uploads\/2026\/04\/CHATEAU-DE-CITEAUX_BLOCMARQUE_CEP_01.png","width":1618,"height":1265,"caption":"Ch\u00e2teau de C\u00eeteaux - H\u00f4tel & Spa d\u2019exception pr\u00e8s de Meursault"},"image":{"@id":"https:\/\/www.chateaudeciteaux.fontenille-collection.com\/#\/schema\/logo\/image\/"}}]}},"_links":{"self":[{"href":"https:\/\/www.chateaudeciteaux.fontenille-collection.com\/de\/wp-json\/wp\/v2\/pages\/27679","targetHints":{"allow":["GET"]}}],"collection":[{"href":"https:\/\/www.chateaudeciteaux.fontenille-collection.com\/de\/wp-json\/wp\/v2\/pages"}],"about":[{"href":"https:\/\/www.chateaudeciteaux.fontenille-collection.com\/de\/wp-json\/wp\/v2\/types\/page"}],"author":[{"embeddable":true,"href":"https:\/\/www.chateaudeciteaux.fontenille-collection.com\/de\/wp-json\/wp\/v2\/users\/2"}],"replies":[{"embeddable":true,"href":"https:\/\/www.chateaudeciteaux.fontenille-collection.com\/de\/wp-json\/wp\/v2\/comments?post=27679"}],"version-history":[{"count":13,"href":"https:\/\/www.chateaudeciteaux.fontenille-collection.com\/de\/wp-json\/wp\/v2\/pages\/27679\/revisions"}],"predecessor-version":[{"id":30654,"href":"https:\/\/www.chateaudeciteaux.fontenille-collection.com\/de\/wp-json\/wp\/v2\/pages\/27679\/revisions\/30654"}],"wp:attachment":[{"href":"https:\/\/www.chateaudeciteaux.fontenille-collection.com\/de\/wp-json\/wp\/v2\/media?parent=27679"}],"curies":[{"name":"wp","href":"https:\/\/api.w.org\/{rel}","templated":true}]}}