{"id":27665,"date":"2025-10-05T16:17:26","date_gmt":"2025-10-05T16:17:26","guid":{"rendered":"https:\/\/www.chateaudeciteaux.fontenille-collection.com\/?page_id=27665"},"modified":"2026-04-09T09:05:24","modified_gmt":"2026-04-09T09:05:24","slug":"legal-information-chateau-de-citeaux","status":"publish","type":"page","link":"https:\/\/www.chateaudeciteaux.fontenille-collection.com\/en\/legal-information-chateau-de-citeaux\/","title":{"rendered":"Terms of use"},"content":{"rendered":"<div data-elementor-type=\"wp-page\" data-elementor-id=\"27665\" class=\"elementor elementor-27665\" data-elementor-settings=\"{&quot;asli_hide_title_disabled&quot;:&quot;yes&quot;}\" data-elementor-post-type=\"page\">\n\t\t\t\t<div class=\"elementor-element elementor-element-109fbc5f e-flex e-con-boxed pt-xlarge px-gutters-horizontal e-con e-parent\" data-id=\"109fbc5f\" data-element_type=\"container\" data-e-type=\"container\" data-settings=\"{&quot;background_background&quot;:&quot;classic&quot;}\">\n\t\t\t\t\t<div class=\"e-con-inner\">\n\t\t\t\t<div class=\"elementor-element elementor-element-459e1196 elementor-widget elementor-widget-text-editor\" data-id=\"459e1196\" data-element_type=\"widget\" data-e-type=\"widget\" data-widget_type=\"text-editor.default\">\n\t\t\t\t<div class=\"elementor-widget-container\">\n\t\t\t\t\t\t\t\t\t<h2>Terms of use<\/h2>\n<p><!-- \/wp:heading --><!-- wp:paragraph --><\/p>\n<p><b>Our website: https:\/\/www.chateaudeciteaux.fontenille-collection.com<\/b><\/p>\n<p><!-- \/wp:paragraph --><!-- wp:heading --><!-- \/wp:heading --><!-- wp:paragraph --><\/p>\n<p><strong>Company:<\/strong> Les Domaines de Fontenille SAS<\/p>\n<p><strong>Headquarters <\/strong>Domaine de Fontenille 84360 Lauris<\/p>\n<p>Contact address and secondary establishment: 9 avenue de l\u2019Op\u00e9ra 75001 Paris<\/p>\n<p>privacy@fontenillecollection.com<\/p>\n<p><strong>SIREN<\/strong> <strong>:<\/strong> 798 361 184<\/p>\n<p><strong>TVA<\/strong> <strong>:<\/strong> FR13 798361184<\/p>\n<p><strong>Share capital<\/strong> <strong>:<\/strong> 94,626,400 EUR<\/p>\n<p><strong>Site's purpose<\/strong> <strong>:<\/strong> Building promotion<\/p>\n<p><strong>Publisher:<\/strong> Fr\u00e9d\u00e9ric Biousse<\/p>\n<p><strong>Editorial Manager<\/strong> Fr\u00e9d\u00e9ric Biousse<\/p>\n<p><strong>Conception &amp; Development of the website:<\/strong> Fontenille Collection<\/p>\n<p><strong>Web host <\/strong>O2SWITCH, a simplified joint-stock company, registered with the Clermont-Ferrand Trade and Companies Register under number 510 909 807, with its registered office at Chemin des Pardiaux, 63000 Clermont-Ferrand<\/p>\n<p><strong>Owner of photographs, images, and texts:<\/strong> Les Domaines de Fontenille SAS<\/p>\n<p><strong>The website presents:<\/strong> informative content<\/p>\n<p><strong>Online collection of personal data<\/strong> See the Privacy Policy section.<\/p>\n<p><strong>Information Technology and Civil Liberties Law:<\/strong> The site is declared to the National Commission for Information Technology and Liberties. You have the right to access, modify, rectify, and delete your personal data (Article 34 of the \u00abData Protection Act\u00bb). To exercise this right, please contact: privacy@fontenillecollection.com<\/p>\n<p><strong>Property:<\/strong> The website and the information it contains are protected by French intellectual property law and international conventions. Except for use within the family circle or for private use, the website and none of its content may be reproduced, republished, transcribed, modified, or retransmitted without the prior authorization of the rights holders.<\/p>\n<p><!-- \/wp:paragraph --><\/p>\t\t\t\t\t\t\t\t<\/div>\n\t\t\t\t<\/div>\n\t\t\t\t\t<\/div>\n\t\t\t\t<\/div>\n\t\t\t\t<\/div>","protected":false},"excerpt":{"rendered":"<p>Mentions L\u00e9gales Notre site web : https:\/\/www.chateaudeciteaux.fontenille-collection.com Soci\u00e9t\u00e9 : Les Domaines de Fontenille SAS Si\u00e8ge social : Domaine de Fontenille 84360 Lauris Adresse de contact et \u00e9tablissement secondaire : 9 avenue de l\u2019Op\u00e9ra 75001 Paris privacy@fontenillecollection.com SIREN : 798 361 184 TVA : FR13 798361184 Capital social : 94 626 400 EUR Objet du site [&hellip;]<\/p>\n","protected":false},"author":2,"featured_media":0,"parent":0,"menu_order":0,"comment_status":"closed","ping_status":"closed","template":"","meta":{"_acf_changed":false,"footnotes":""},"class_list":["post-27665","page","type-page","status-publish","hentry"],"acf":[],"yoast_head":"<!-- This site is optimized with the Yoast SEO plugin v27.4 - https:\/\/yoast.com\/product\/yoast-seo-wordpress\/ -->\n<title>Mentions l\u00e9gales | H\u00f4tel Ch\u00e2teau de C\u00eeteaux Restaurant &amp; Spa<\/title>\n<meta name=\"description\" content=\"D\u00e9couvrez les mentions l\u00e9gales de l\u2019h\u00f4tel Ch\u00e2teau de C\u00eeteaux, restaurant gastronomique et spa \u00e0 Meursault.\" \/>\n<meta name=\"robots\" content=\"index, follow, max-snippet:-1, max-image-preview:large, max-video-preview:-1\" \/>\n<link rel=\"canonical\" href=\"https:\/\/www.chateaudeciteaux.fontenille-collection.com\/en\/legal-information-chateau-de-citeaux\/\" \/>\n<meta property=\"og:locale\" content=\"en_US\" \/>\n<meta property=\"og:type\" content=\"article\" \/>\n<meta property=\"og:title\" content=\"Mentions l\u00e9gales | H\u00f4tel Ch\u00e2teau de C\u00eeteaux Restaurant &amp; Spa\" \/>\n<meta property=\"og:description\" content=\"D\u00e9couvrez les mentions l\u00e9gales de l\u2019h\u00f4tel Ch\u00e2teau de C\u00eeteaux, restaurant gastronomique et spa \u00e0 Meursault.\" \/>\n<meta property=\"og:url\" content=\"https:\/\/www.chateaudeciteaux.fontenille-collection.com\/en\/legal-information-chateau-de-citeaux\/\" \/>\n<meta property=\"og:site_name\" content=\"Ch\u00e2teau de C\u00eeteaux- H\u00f4tel, Restaurant &amp; Spa d\u2019exception pr\u00e8s de Beaune\" \/>\n<meta property=\"article:modified_time\" content=\"2026-04-09T09:05:24+00:00\" \/>\n<meta name=\"twitter:card\" content=\"summary_large_image\" \/>\n<meta name=\"twitter:label1\" content=\"Est. reading time\" \/>\n\t<meta name=\"twitter:data1\" content=\"2 minutes\" \/>\n<script type=\"application\/ld+json\" class=\"yoast-schema-graph\">{\"@context\":\"https:\\\/\\\/schema.org\",\"@graph\":[{\"@type\":\"WebPage\",\"@id\":\"https:\\\/\\\/www.chateaudeciteaux.fontenille-collection.com\\\/mentions-legales-chateau-de-citeaux\\\/\",\"url\":\"https:\\\/\\\/www.chateaudeciteaux.fontenille-collection.com\\\/mentions-legales-chateau-de-citeaux\\\/\",\"name\":\"Mentions l\u00e9gales | H\u00f4tel Ch\u00e2teau de C\u00eeteaux Restaurant & Spa\",\"isPartOf\":{\"@id\":\"https:\\\/\\\/www.chateaudeciteaux.fontenille-collection.com\\\/#website\"},\"datePublished\":\"2025-10-05T16:17:26+00:00\",\"dateModified\":\"2026-04-09T09:05:24+00:00\",\"description\":\"D\u00e9couvrez les mentions l\u00e9gales de l\u2019h\u00f4tel Ch\u00e2teau de C\u00eeteaux, restaurant gastronomique et spa \u00e0 Meursault.\",\"breadcrumb\":{\"@id\":\"https:\\\/\\\/www.chateaudeciteaux.fontenille-collection.com\\\/mentions-legales-chateau-de-citeaux\\\/#breadcrumb\"},\"inLanguage\":\"en-US\",\"potentialAction\":[{\"@type\":\"ReadAction\",\"target\":[\"https:\\\/\\\/www.chateaudeciteaux.fontenille-collection.com\\\/mentions-legales-chateau-de-citeaux\\\/\"]}]},{\"@type\":\"BreadcrumbList\",\"@id\":\"https:\\\/\\\/www.chateaudeciteaux.fontenille-collection.com\\\/mentions-legales-chateau-de-citeaux\\\/#breadcrumb\",\"itemListElement\":[{\"@type\":\"ListItem\",\"position\":1,\"name\":\"Accueil\",\"item\":\"https:\\\/\\\/www.chateaudeciteaux.fontenille-collection.com\\\/\"},{\"@type\":\"ListItem\",\"position\":2,\"name\":\"Mentions L\u00e9gales\"}]},{\"@type\":\"WebSite\",\"@id\":\"https:\\\/\\\/www.chateaudeciteaux.fontenille-collection.com\\\/#website\",\"url\":\"https:\\\/\\\/www.chateaudeciteaux.fontenille-collection.com\\\/\",\"name\":\"Ch\u00e2teau de C\u00eeteaux - H\u00f4tel & Spa d\u2019exception pr\u00e8s de Meursault\",\"description\":\"Habiter la Bourgogne, autrement, entre vignes &amp; h\u00e9ritage\",\"publisher\":{\"@id\":\"https:\\\/\\\/www.chateaudeciteaux.fontenille-collection.com\\\/#organization\"},\"potentialAction\":[{\"@type\":\"SearchAction\",\"target\":{\"@type\":\"EntryPoint\",\"urlTemplate\":\"https:\\\/\\\/www.chateaudeciteaux.fontenille-collection.com\\\/?s={search_term_string}\"},\"query-input\":{\"@type\":\"PropertyValueSpecification\",\"valueRequired\":true,\"valueName\":\"search_term_string\"}}],\"inLanguage\":\"en-US\"},{\"@type\":\"Organization\",\"@id\":\"https:\\\/\\\/www.chateaudeciteaux.fontenille-collection.com\\\/#organization\",\"name\":\"Ch\u00e2teau de C\u00eeteaux - H\u00f4tel & Spa d\u2019exception pr\u00e8s de Meursault\",\"url\":\"https:\\\/\\\/www.chateaudeciteaux.fontenille-collection.com\\\/\",\"logo\":{\"@type\":\"ImageObject\",\"inLanguage\":\"en-US\",\"@id\":\"https:\\\/\\\/www.chateaudeciteaux.fontenille-collection.com\\\/#\\\/schema\\\/logo\\\/image\\\/\",\"url\":\"https:\\\/\\\/www.chateaudeciteaux.fontenille-collection.com\\\/wp-content\\\/uploads\\\/2026\\\/04\\\/CHATEAU-DE-CITEAUX_BLOCMARQUE_CEP_01.png\",\"contentUrl\":\"https:\\\/\\\/www.chateaudeciteaux.fontenille-collection.com\\\/wp-content\\\/uploads\\\/2026\\\/04\\\/CHATEAU-DE-CITEAUX_BLOCMARQUE_CEP_01.png\",\"width\":1618,\"height\":1265,\"caption\":\"Ch\u00e2teau de C\u00eeteaux - H\u00f4tel & Spa d\u2019exception pr\u00e8s de Meursault\"},\"image\":{\"@id\":\"https:\\\/\\\/www.chateaudeciteaux.fontenille-collection.com\\\/#\\\/schema\\\/logo\\\/image\\\/\"}}]}<\/script>\n<!-- \/ Yoast SEO plugin. -->","yoast_head_json":{"title":"Legal Notice | H\u00f4tel Ch\u00e2teau de C\u00eeteaux Restaurant &amp; Spa","description":"Discover the legal notices of the Ch\u00e2teau de C\u00eeteaux hotel, gastronomic restaurant, and spa in Meursault.","robots":{"index":"index","follow":"follow","max-snippet":"max-snippet:-1","max-image-preview":"max-image-preview:large","max-video-preview":"max-video-preview:-1"},"canonical":"https:\/\/www.chateaudeciteaux.fontenille-collection.com\/en\/legal-information-chateau-de-citeaux\/","og_locale":"en_US","og_type":"article","og_title":"Mentions l\u00e9gales | H\u00f4tel Ch\u00e2teau de C\u00eeteaux Restaurant & Spa","og_description":"D\u00e9couvrez les mentions l\u00e9gales de l\u2019h\u00f4tel Ch\u00e2teau de C\u00eeteaux, restaurant gastronomique et spa \u00e0 Meursault.","og_url":"https:\/\/www.chateaudeciteaux.fontenille-collection.com\/en\/legal-information-chateau-de-citeaux\/","og_site_name":"Ch\u00e2teau de C\u00eeteaux- H\u00f4tel, Restaurant &amp; Spa d\u2019exception pr\u00e8s de Beaune","article_modified_time":"2026-04-09T09:05:24+00:00","twitter_card":"summary_large_image","twitter_misc":{"Est. reading time":"2 minutes"},"schema":{"@context":"https:\/\/schema.org","@graph":[{"@type":"WebPage","@id":"https:\/\/www.chateaudeciteaux.fontenille-collection.com\/mentions-legales-chateau-de-citeaux\/","url":"https:\/\/www.chateaudeciteaux.fontenille-collection.com\/mentions-legales-chateau-de-citeaux\/","name":"Legal Notice | H\u00f4tel Ch\u00e2teau de C\u00eeteaux Restaurant &amp; Spa","isPartOf":{"@id":"https:\/\/www.chateaudeciteaux.fontenille-collection.com\/#website"},"datePublished":"2025-10-05T16:17:26+00:00","dateModified":"2026-04-09T09:05:24+00:00","description":"Discover the legal notices of the Ch\u00e2teau de C\u00eeteaux hotel, gastronomic restaurant, and spa in Meursault.","breadcrumb":{"@id":"https:\/\/www.chateaudeciteaux.fontenille-collection.com\/mentions-legales-chateau-de-citeaux\/#breadcrumb"},"inLanguage":"en-US","potentialAction":[{"@type":"ReadAction","target":["https:\/\/www.chateaudeciteaux.fontenille-collection.com\/mentions-legales-chateau-de-citeaux\/"]}]},{"@type":"BreadcrumbList","@id":"https:\/\/www.chateaudeciteaux.fontenille-collection.com\/mentions-legales-chateau-de-citeaux\/#breadcrumb","itemListElement":[{"@type":"ListItem","position":1,"name":"Accueil","item":"https:\/\/www.chateaudeciteaux.fontenille-collection.com\/"},{"@type":"ListItem","position":2,"name":"Mentions L\u00e9gales"}]},{"@type":"WebSite","@id":"https:\/\/www.chateaudeciteaux.fontenille-collection.com\/#website","url":"https:\/\/www.chateaudeciteaux.fontenille-collection.com\/","name":"Ch\u00e2teau de C\u00eeteaux - Exceptional Hotel &amp; Spa near Meursault","description":"Living in Burgundy, differently, between vineyards &amp; heritage","publisher":{"@id":"https:\/\/www.chateaudeciteaux.fontenille-collection.com\/#organization"},"potentialAction":[{"@type":"SearchAction","target":{"@type":"EntryPoint","urlTemplate":"https:\/\/www.chateaudeciteaux.fontenille-collection.com\/?s={search_term_string}"},"query-input":{"@type":"PropertyValueSpecification","valueRequired":true,"valueName":"search_term_string"}}],"inLanguage":"en-US"},{"@type":"Organization","@id":"https:\/\/www.chateaudeciteaux.fontenille-collection.com\/#organization","name":"Ch\u00e2teau de C\u00eeteaux - Exceptional Hotel &amp; Spa near Meursault","url":"https:\/\/www.chateaudeciteaux.fontenille-collection.com\/","logo":{"@type":"ImageObject","inLanguage":"en-US","@id":"https:\/\/www.chateaudeciteaux.fontenille-collection.com\/#\/schema\/logo\/image\/","url":"https:\/\/www.chateaudeciteaux.fontenille-collection.com\/wp-content\/uploads\/2026\/04\/CHATEAU-DE-CITEAUX_BLOCMARQUE_CEP_01.png","contentUrl":"https:\/\/www.chateaudeciteaux.fontenille-collection.com\/wp-content\/uploads\/2026\/04\/CHATEAU-DE-CITEAUX_BLOCMARQUE_CEP_01.png","width":1618,"height":1265,"caption":"Ch\u00e2teau de C\u00eeteaux - H\u00f4tel & Spa d\u2019exception pr\u00e8s de Meursault"},"image":{"@id":"https:\/\/www.chateaudeciteaux.fontenille-collection.com\/#\/schema\/logo\/image\/"}}]}},"_links":{"self":[{"href":"https:\/\/www.chateaudeciteaux.fontenille-collection.com\/en\/wp-json\/wp\/v2\/pages\/27665","targetHints":{"allow":["GET"]}}],"collection":[{"href":"https:\/\/www.chateaudeciteaux.fontenille-collection.com\/en\/wp-json\/wp\/v2\/pages"}],"about":[{"href":"https:\/\/www.chateaudeciteaux.fontenille-collection.com\/en\/wp-json\/wp\/v2\/types\/page"}],"author":[{"embeddable":true,"href":"https:\/\/www.chateaudeciteaux.fontenille-collection.com\/en\/wp-json\/wp\/v2\/users\/2"}],"replies":[{"embeddable":true,"href":"https:\/\/www.chateaudeciteaux.fontenille-collection.com\/en\/wp-json\/wp\/v2\/comments?post=27665"}],"version-history":[{"count":18,"href":"https:\/\/www.chateaudeciteaux.fontenille-collection.com\/en\/wp-json\/wp\/v2\/pages\/27665\/revisions"}],"predecessor-version":[{"id":30815,"href":"https:\/\/www.chateaudeciteaux.fontenille-collection.com\/en\/wp-json\/wp\/v2\/pages\/27665\/revisions\/30815"}],"wp:attachment":[{"href":"https:\/\/www.chateaudeciteaux.fontenille-collection.com\/en\/wp-json\/wp\/v2\/media?parent=27665"}],"curies":[{"name":"wp","href":"https:\/\/api.w.org\/{rel}","templated":true}]}}