{"id":27665,"date":"2025-10-05T16:17:26","date_gmt":"2025-10-05T16:17:26","guid":{"rendered":"https:\/\/www.chateaudeciteaux.fontenille-collection.com\/?page_id=27665"},"modified":"2026-04-09T09:05:24","modified_gmt":"2026-04-09T09:05:24","slug":"aviso-legal-chateau-de-citeaux","status":"publish","type":"page","link":"https:\/\/www.chateaudeciteaux.fontenille-collection.com\/es\/aviso-legal-chateau-de-citeaux\/","title":{"rendered":"Aviso legal"},"content":{"rendered":"<div data-elementor-type=\"wp-page\" data-elementor-id=\"27665\" class=\"elementor elementor-27665\" data-elementor-settings=\"{&quot;asli_hide_title_disabled&quot;:&quot;yes&quot;}\" data-elementor-post-type=\"page\">\n\t\t\t\t<div class=\"elementor-element elementor-element-109fbc5f e-flex e-con-boxed pt-xlarge px-gutters-horizontal e-con e-parent\" data-id=\"109fbc5f\" data-element_type=\"container\" data-e-type=\"container\" data-settings=\"{&quot;background_background&quot;:&quot;classic&quot;}\">\n\t\t\t\t\t<div class=\"e-con-inner\">\n\t\t\t\t<div class=\"elementor-element elementor-element-459e1196 elementor-widget elementor-widget-text-editor\" data-id=\"459e1196\" data-element_type=\"widget\" data-e-type=\"widget\" data-widget_type=\"text-editor.default\">\n\t\t\t\t<div class=\"elementor-widget-container\">\n\t\t\t\t\t\t\t\t\t<h2>Aviso legal<\/h2>\n<p><!-- \/wp:heading --><!-- wp:paragraph --><\/p>\n<p><b>Nuestro sitio web: https:\/\/www.chateaudeciteaux.fontenille-collection.com<\/b><\/p>\n<p><!-- \/wp:paragraph --><!-- wp:heading --><!-- \/wp:heading --><!-- wp:paragraph --><\/p>\n<p><strong>Empresa<\/strong> Les Domaines de Fontenille SAS<\/p>\n<p><strong>Sede central <\/strong>Domaine de Fontenille 84360 Lauris<\/p>\n<p>Direcci\u00f3n de contacto y sucursal: 9 avenue de l\u2019Op\u00e9ra 75001 Par\u00eds<\/p>\n<p>privacy@fontenillecollection.com<\/p>\n<p><strong>SIRENA<\/strong> <strong>:<\/strong> 798 361 184<\/p>\n<p><strong>TVA<\/strong> <strong>:<\/strong> FR13 798361184<\/p>\n<p><strong>Capital social<\/strong> <strong>:<\/strong> 94 626 400 EUR<\/p>\n<p><strong>Prop\u00f3sito del sitio<\/strong> <strong>:<\/strong> Promoci\u00f3n del establecimiento<\/p>\n<p><strong>Director de publicaci\u00f3n:<\/strong> Fr\u00e9d\u00e9ric Biousse<\/p>\n<p><strong>Responsable editorial:<\/strong> Fr\u00e9d\u00e9ric Biousse<\/p>\n<p><strong>Concepci\u00f3n y Realizaci\u00f3n del sitio:<\/strong> Colecci\u00f3n Fontenille<\/p>\n<p><strong>Host: <\/strong>O2SWITCH, sociedad por acciones simplificada, inscrita en el Registro de Comercio y Sociedades de Clermont-Ferrand con el n\u00famero 510 909 807, con domicilio social en Chemin des Pardiaux, 63000 Clermont-Ferrand<\/p>\n<p><strong>Propietario de las fotograf\u00edas, im\u00e1genes y textos:<\/strong> Les Domaines de Fontenille SAS<\/p>\n<p><strong>El sitio presenta:<\/strong> contenido informativo<\/p>\n<p><strong>Recopilaci\u00f3n de datos personales en l\u00ednea:<\/strong> ver la secci\u00f3n Pol\u00edtica de Privacidad.<\/p>\n<p><strong>Ley de inform\u00e1tica y libertades.<\/strong> El sitio est\u00e1 sujeto a una declaraci\u00f3n ante la Comisi\u00f3n Nacional de Inform\u00e1tica y Libertades. Usted dispone de un derecho de acceso, modificaci\u00f3n, rectificaci\u00f3n y supresi\u00f3n de los datos que le conciernen (art. 34 de la ley \u00abInform\u00e1tica y Libertades\u00bb). Para ejercerlo, dir\u00edjase a: privacy@fontenillecollection.com<\/p>\n<p><strong>Propiedad:<\/strong> El sitio y la informaci\u00f3n que contiene est\u00e1n protegidos por la ley francesa de propiedad intelectual y por convenios internacionales. Salvo para uso en el \u00e1mbito familiar o uso privado, el sitio y ning\u00fan elemento de su contenido pueden ser reproducidos, republicados, transcritos, modificados o retransmitidos sin la autorizaci\u00f3n previa de los titulares de los derechos.<\/p>\n<p><!-- \/wp:paragraph --><\/p>\t\t\t\t\t\t\t\t<\/div>\n\t\t\t\t<\/div>\n\t\t\t\t\t<\/div>\n\t\t\t\t<\/div>\n\t\t\t\t<\/div>","protected":false},"excerpt":{"rendered":"<p>Mentions L\u00e9gales Notre site web : https:\/\/www.chateaudeciteaux.fontenille-collection.com Soci\u00e9t\u00e9 : Les Domaines de Fontenille SAS Si\u00e8ge social : Domaine de Fontenille 84360 Lauris Adresse de contact et \u00e9tablissement secondaire : 9 avenue de l\u2019Op\u00e9ra 75001 Paris privacy@fontenillecollection.com SIREN : 798 361 184 TVA : FR13 798361184 Capital social : 94 626 400 EUR Objet du site [&hellip;]<\/p>\n","protected":false},"author":2,"featured_media":0,"parent":0,"menu_order":0,"comment_status":"closed","ping_status":"closed","template":"","meta":{"_acf_changed":false,"footnotes":""},"class_list":["post-27665","page","type-page","status-publish","hentry"],"acf":[],"yoast_head":"<!-- This site is optimized with the Yoast SEO plugin v27.4 - https:\/\/yoast.com\/product\/yoast-seo-wordpress\/ -->\n<title>Mentions l\u00e9gales | H\u00f4tel Ch\u00e2teau de C\u00eeteaux Restaurant &amp; Spa<\/title>\n<meta name=\"description\" content=\"D\u00e9couvrez les mentions l\u00e9gales de l\u2019h\u00f4tel Ch\u00e2teau de C\u00eeteaux, restaurant gastronomique et spa \u00e0 Meursault.\" \/>\n<meta name=\"robots\" content=\"index, follow, max-snippet:-1, max-image-preview:large, max-video-preview:-1\" \/>\n<link rel=\"canonical\" href=\"https:\/\/www.chateaudeciteaux.fontenille-collection.com\/es\/aviso-legal-chateau-de-citeaux\/\" \/>\n<meta property=\"og:locale\" content=\"es_ES\" \/>\n<meta property=\"og:type\" content=\"article\" \/>\n<meta property=\"og:title\" content=\"Mentions l\u00e9gales | H\u00f4tel Ch\u00e2teau de C\u00eeteaux Restaurant &amp; Spa\" \/>\n<meta property=\"og:description\" content=\"D\u00e9couvrez les mentions l\u00e9gales de l\u2019h\u00f4tel Ch\u00e2teau de C\u00eeteaux, restaurant gastronomique et spa \u00e0 Meursault.\" \/>\n<meta property=\"og:url\" content=\"https:\/\/www.chateaudeciteaux.fontenille-collection.com\/es\/aviso-legal-chateau-de-citeaux\/\" \/>\n<meta property=\"og:site_name\" content=\"Ch\u00e2teau de C\u00eeteaux- H\u00f4tel, Restaurant &amp; Spa d\u2019exception pr\u00e8s de Beaune\" \/>\n<meta property=\"article:modified_time\" content=\"2026-04-09T09:05:24+00:00\" \/>\n<meta name=\"twitter:card\" content=\"summary_large_image\" \/>\n<meta name=\"twitter:label1\" content=\"Tiempo de lectura\" \/>\n\t<meta name=\"twitter:data1\" content=\"2 minutos\" \/>\n<script type=\"application\/ld+json\" class=\"yoast-schema-graph\">{\"@context\":\"https:\\\/\\\/schema.org\",\"@graph\":[{\"@type\":\"WebPage\",\"@id\":\"https:\\\/\\\/www.chateaudeciteaux.fontenille-collection.com\\\/mentions-legales-chateau-de-citeaux\\\/\",\"url\":\"https:\\\/\\\/www.chateaudeciteaux.fontenille-collection.com\\\/mentions-legales-chateau-de-citeaux\\\/\",\"name\":\"Mentions l\u00e9gales | H\u00f4tel Ch\u00e2teau de C\u00eeteaux Restaurant & Spa\",\"isPartOf\":{\"@id\":\"https:\\\/\\\/www.chateaudeciteaux.fontenille-collection.com\\\/#website\"},\"datePublished\":\"2025-10-05T16:17:26+00:00\",\"dateModified\":\"2026-04-09T09:05:24+00:00\",\"description\":\"D\u00e9couvrez les mentions l\u00e9gales de l\u2019h\u00f4tel Ch\u00e2teau de C\u00eeteaux, restaurant gastronomique et spa \u00e0 Meursault.\",\"breadcrumb\":{\"@id\":\"https:\\\/\\\/www.chateaudeciteaux.fontenille-collection.com\\\/mentions-legales-chateau-de-citeaux\\\/#breadcrumb\"},\"inLanguage\":\"es\",\"potentialAction\":[{\"@type\":\"ReadAction\",\"target\":[\"https:\\\/\\\/www.chateaudeciteaux.fontenille-collection.com\\\/mentions-legales-chateau-de-citeaux\\\/\"]}]},{\"@type\":\"BreadcrumbList\",\"@id\":\"https:\\\/\\\/www.chateaudeciteaux.fontenille-collection.com\\\/mentions-legales-chateau-de-citeaux\\\/#breadcrumb\",\"itemListElement\":[{\"@type\":\"ListItem\",\"position\":1,\"name\":\"Accueil\",\"item\":\"https:\\\/\\\/www.chateaudeciteaux.fontenille-collection.com\\\/\"},{\"@type\":\"ListItem\",\"position\":2,\"name\":\"Mentions L\u00e9gales\"}]},{\"@type\":\"WebSite\",\"@id\":\"https:\\\/\\\/www.chateaudeciteaux.fontenille-collection.com\\\/#website\",\"url\":\"https:\\\/\\\/www.chateaudeciteaux.fontenille-collection.com\\\/\",\"name\":\"Ch\u00e2teau de C\u00eeteaux - H\u00f4tel & Spa d\u2019exception pr\u00e8s de Meursault\",\"description\":\"Habiter la Bourgogne, autrement, entre vignes &amp; h\u00e9ritage\",\"publisher\":{\"@id\":\"https:\\\/\\\/www.chateaudeciteaux.fontenille-collection.com\\\/#organization\"},\"potentialAction\":[{\"@type\":\"SearchAction\",\"target\":{\"@type\":\"EntryPoint\",\"urlTemplate\":\"https:\\\/\\\/www.chateaudeciteaux.fontenille-collection.com\\\/?s={search_term_string}\"},\"query-input\":{\"@type\":\"PropertyValueSpecification\",\"valueRequired\":true,\"valueName\":\"search_term_string\"}}],\"inLanguage\":\"es\"},{\"@type\":\"Organization\",\"@id\":\"https:\\\/\\\/www.chateaudeciteaux.fontenille-collection.com\\\/#organization\",\"name\":\"Ch\u00e2teau de C\u00eeteaux - H\u00f4tel & Spa d\u2019exception pr\u00e8s de Meursault\",\"url\":\"https:\\\/\\\/www.chateaudeciteaux.fontenille-collection.com\\\/\",\"logo\":{\"@type\":\"ImageObject\",\"inLanguage\":\"es\",\"@id\":\"https:\\\/\\\/www.chateaudeciteaux.fontenille-collection.com\\\/#\\\/schema\\\/logo\\\/image\\\/\",\"url\":\"https:\\\/\\\/www.chateaudeciteaux.fontenille-collection.com\\\/wp-content\\\/uploads\\\/2026\\\/04\\\/CHATEAU-DE-CITEAUX_BLOCMARQUE_CEP_01.png\",\"contentUrl\":\"https:\\\/\\\/www.chateaudeciteaux.fontenille-collection.com\\\/wp-content\\\/uploads\\\/2026\\\/04\\\/CHATEAU-DE-CITEAUX_BLOCMARQUE_CEP_01.png\",\"width\":1618,\"height\":1265,\"caption\":\"Ch\u00e2teau de C\u00eeteaux - H\u00f4tel & Spa d\u2019exception pr\u00e8s de Meursault\"},\"image\":{\"@id\":\"https:\\\/\\\/www.chateaudeciteaux.fontenille-collection.com\\\/#\\\/schema\\\/logo\\\/image\\\/\"}}]}<\/script>\n<!-- \/ Yoast SEO plugin. -->","yoast_head_json":{"title":"Aviso legal | Hotel Ch\u00e2teau de C\u00eeteaux Restaurante &amp; Spa","description":"Descubra los avisos legales del Hotel Ch\u00e2teau de C\u00eeteaux, restaurante gastron\u00f3mico y spa en Meursault.","robots":{"index":"index","follow":"follow","max-snippet":"max-snippet:-1","max-image-preview":"max-image-preview:large","max-video-preview":"max-video-preview:-1"},"canonical":"https:\/\/www.chateaudeciteaux.fontenille-collection.com\/es\/aviso-legal-chateau-de-citeaux\/","og_locale":"es_ES","og_type":"article","og_title":"Mentions l\u00e9gales | H\u00f4tel Ch\u00e2teau de C\u00eeteaux Restaurant & Spa","og_description":"D\u00e9couvrez les mentions l\u00e9gales de l\u2019h\u00f4tel Ch\u00e2teau de C\u00eeteaux, restaurant gastronomique et spa \u00e0 Meursault.","og_url":"https:\/\/www.chateaudeciteaux.fontenille-collection.com\/es\/aviso-legal-chateau-de-citeaux\/","og_site_name":"Ch\u00e2teau de C\u00eeteaux- H\u00f4tel, Restaurant &amp; Spa d\u2019exception pr\u00e8s de Beaune","article_modified_time":"2026-04-09T09:05:24+00:00","twitter_card":"summary_large_image","twitter_misc":{"Tiempo de lectura":"2 minutos"},"schema":{"@context":"https:\/\/schema.org","@graph":[{"@type":"WebPage","@id":"https:\/\/www.chateaudeciteaux.fontenille-collection.com\/mentions-legales-chateau-de-citeaux\/","url":"https:\/\/www.chateaudeciteaux.fontenille-collection.com\/mentions-legales-chateau-de-citeaux\/","name":"Aviso legal | Hotel Ch\u00e2teau de C\u00eeteaux Restaurante &amp; Spa","isPartOf":{"@id":"https:\/\/www.chateaudeciteaux.fontenille-collection.com\/#website"},"datePublished":"2025-10-05T16:17:26+00:00","dateModified":"2026-04-09T09:05:24+00:00","description":"Descubra los avisos legales del Hotel Ch\u00e2teau de C\u00eeteaux, restaurante gastron\u00f3mico y spa en Meursault.","breadcrumb":{"@id":"https:\/\/www.chateaudeciteaux.fontenille-collection.com\/mentions-legales-chateau-de-citeaux\/#breadcrumb"},"inLanguage":"es","potentialAction":[{"@type":"ReadAction","target":["https:\/\/www.chateaudeciteaux.fontenille-collection.com\/mentions-legales-chateau-de-citeaux\/"]}]},{"@type":"BreadcrumbList","@id":"https:\/\/www.chateaudeciteaux.fontenille-collection.com\/mentions-legales-chateau-de-citeaux\/#breadcrumb","itemListElement":[{"@type":"ListItem","position":1,"name":"Accueil","item":"https:\/\/www.chateaudeciteaux.fontenille-collection.com\/"},{"@type":"ListItem","position":2,"name":"Mentions L\u00e9gales"}]},{"@type":"WebSite","@id":"https:\/\/www.chateaudeciteaux.fontenille-collection.com\/#website","url":"https:\/\/www.chateaudeciteaux.fontenille-collection.com\/","name":"Ch\u00e2teau de C\u00eeteaux - Hotel &amp; Spa excepcional cerca de Meursault","description":"Vivir en Borgo\u00f1a, de otra manera, entre vi\u00f1edos y patrimonio.","publisher":{"@id":"https:\/\/www.chateaudeciteaux.fontenille-collection.com\/#organization"},"potentialAction":[{"@type":"SearchAction","target":{"@type":"EntryPoint","urlTemplate":"https:\/\/www.chateaudeciteaux.fontenille-collection.com\/?s={search_term_string}"},"query-input":{"@type":"PropertyValueSpecification","valueRequired":true,"valueName":"search_term_string"}}],"inLanguage":"es"},{"@type":"Organization","@id":"https:\/\/www.chateaudeciteaux.fontenille-collection.com\/#organization","name":"Ch\u00e2teau de C\u00eeteaux - Hotel &amp; Spa excepcional cerca de Meursault","url":"https:\/\/www.chateaudeciteaux.fontenille-collection.com\/","logo":{"@type":"ImageObject","inLanguage":"es","@id":"https:\/\/www.chateaudeciteaux.fontenille-collection.com\/#\/schema\/logo\/image\/","url":"https:\/\/www.chateaudeciteaux.fontenille-collection.com\/wp-content\/uploads\/2026\/04\/CHATEAU-DE-CITEAUX_BLOCMARQUE_CEP_01.png","contentUrl":"https:\/\/www.chateaudeciteaux.fontenille-collection.com\/wp-content\/uploads\/2026\/04\/CHATEAU-DE-CITEAUX_BLOCMARQUE_CEP_01.png","width":1618,"height":1265,"caption":"Ch\u00e2teau de C\u00eeteaux - H\u00f4tel & Spa d\u2019exception pr\u00e8s de Meursault"},"image":{"@id":"https:\/\/www.chateaudeciteaux.fontenille-collection.com\/#\/schema\/logo\/image\/"}}]}},"_links":{"self":[{"href":"https:\/\/www.chateaudeciteaux.fontenille-collection.com\/es\/wp-json\/wp\/v2\/pages\/27665","targetHints":{"allow":["GET"]}}],"collection":[{"href":"https:\/\/www.chateaudeciteaux.fontenille-collection.com\/es\/wp-json\/wp\/v2\/pages"}],"about":[{"href":"https:\/\/www.chateaudeciteaux.fontenille-collection.com\/es\/wp-json\/wp\/v2\/types\/page"}],"author":[{"embeddable":true,"href":"https:\/\/www.chateaudeciteaux.fontenille-collection.com\/es\/wp-json\/wp\/v2\/users\/2"}],"replies":[{"embeddable":true,"href":"https:\/\/www.chateaudeciteaux.fontenille-collection.com\/es\/wp-json\/wp\/v2\/comments?post=27665"}],"version-history":[{"count":18,"href":"https:\/\/www.chateaudeciteaux.fontenille-collection.com\/es\/wp-json\/wp\/v2\/pages\/27665\/revisions"}],"predecessor-version":[{"id":30815,"href":"https:\/\/www.chateaudeciteaux.fontenille-collection.com\/es\/wp-json\/wp\/v2\/pages\/27665\/revisions\/30815"}],"wp:attachment":[{"href":"https:\/\/www.chateaudeciteaux.fontenille-collection.com\/es\/wp-json\/wp\/v2\/media?parent=27665"}],"curies":[{"name":"wp","href":"https:\/\/api.w.org\/{rel}","templated":true}]}}