{"id":27679,"date":"2025-10-05T16:20:17","date_gmt":"2025-10-05T16:20:17","guid":{"rendered":"https:\/\/www.chateaudeciteaux.fontenille-collection.com\/?page_id=27679"},"modified":"2026-04-07T15:17:19","modified_gmt":"2026-04-07T15:17:19","slug":"politica-de-privacidad-castillo-de-citeaux","status":"publish","type":"page","link":"https:\/\/www.chateaudeciteaux.fontenille-collection.com\/es\/politica-de-privacidad-castillo-de-citeaux\/","title":{"rendered":"Confidencialidad"},"content":{"rendered":"<div data-elementor-type=\"wp-page\" data-elementor-id=\"27679\" class=\"elementor elementor-27679\" data-elementor-settings=\"{&quot;asli_hide_title_disabled&quot;:&quot;yes&quot;}\" data-elementor-post-type=\"page\">\n\t\t\t\t<div class=\"elementor-element elementor-element-f9d8ca2 e-flex e-con-boxed pt-xlarge px-gutters-horizontal e-con e-parent\" data-id=\"f9d8ca2\" data-element_type=\"container\" data-e-type=\"container\" data-settings=\"{&quot;background_background&quot;:&quot;classic&quot;}\">\n\t\t\t\t\t<div class=\"e-con-inner\">\n\t\t\t\t<div class=\"elementor-element elementor-element-2917c42f elementor-widget elementor-widget-text-editor\" data-id=\"2917c42f\" data-element_type=\"widget\" data-e-type=\"widget\" data-widget_type=\"text-editor.default\">\n\t\t\t\t<div class=\"elementor-widget-container\">\n\t\t\t\t\t\t\t\t\t<h2>Pol\u00edtica de Privacidad<\/h2>\n<p><!-- \/wp:heading --><!-- wp:paragraph --><\/p>\n<h5><strong>Informaci\u00f3n general:<\/strong><\/h5>\n<p>Cuando visita nuestro sitio web, se recopilan diferentes tipos de informaci\u00f3n, incluida la direcci\u00f3n IP desde la que accede al sitio, la versi\u00f3n y el tipo de navegador utilizado para acceder al sitio, el sistema operativo utilizado, los dominios y la hora de la solicitud. Esta informaci\u00f3n no nos permite identificar la identidad del usuario y ese no es nuestro objetivo. Utilizamos la informaci\u00f3n recopilada \u00fanicamente con fines estad\u00edsticos que nos permiten principalmente mejorar el contenido y la presentaci\u00f3n de nuestro sitio web. Tenga en cuenta que podemos recopilar datos adicionales, como el nombre, las direcciones postales y de correo electr\u00f3nico, el n\u00famero de tel\u00e9fono, que usted nos proporcione voluntariamente al navegar por nuestro sitio. Tambi\u00e9n puede pagar y utilizar nuestros servicios utilizando un seud\u00f3nimo o datos anonimizados, sin proporcionarnos los datos personales antes mencionados.<\/p>\n<h5><strong>Galletas<\/strong><\/h5>\n<p>Este sitio web utiliza cookies para recopilar datos con fines estad\u00edsticos. Las cookies son peque\u00f1os archivos que se almacenan en el disco duro de su ordenador; cuando navega por nuestro sitio, controlan su actividad y nos proporcionan datos clave para facilitarle la navegaci\u00f3n. Si se almacenan cookies en su ordenador, no tendr\u00e1 que introducir todos los datos necesarios para acceder a este sitio cada vez que lo visite. Estos datos nos permiten personalizar nuestro sitio web para adaptarlo a sus gustos y necesidades; esto forma parte de nuestro esfuerzo global por ofrecerle un acceso fluido a nuestras p\u00e1ginas y servicios. Si no desea que se almacenen cookies en su ordenador, puede utilizar la configuraci\u00f3n de su navegador para bloquear las cookies de nuestro sitio. Para saber c\u00f3mo configurar su navegador para gestionar las cookies, visite el centro de ayuda de su navegador. Puede eliminar las cookies ya almacenadas en su ordenador siempre que lo desee. Tenga en cuenta que bloquear las cookies puede restringir el acceso a determinadas funciones de nuestro sitio y dar lugar a una experiencia menos \u00e1gil.<\/p>\n<h5><strong>Comunicaci\u00f3n de datos a terceros:<\/strong><\/h5>\n<p>Salvo que se indique lo contrario en la presente declaraci\u00f3n, todos los datos que comparta con nosotros, o que recopilemos de usted cuando navegue por nuestro sitio, se mantendr\u00e1n en secreto y no se revelar\u00e1n a terceros, excepto cuando as\u00ed lo exija la ley o cuando los datos deban transmitirse para cumplir la relaci\u00f3n contractual que usted haya suscrito. Las empresas y asociados terceros, incluidas las empresas de pago en l\u00ednea, s\u00f3lo tendr\u00e1n acceso a estos datos cuando sea necesario para tramitar su pedido. En tales casos, nos aseguraremos de que el alcance de la transmisi\u00f3n de datos se mantenga en el m\u00ednimo esencial acordado. Tambi\u00e9n imponemos una estricta pol\u00edtica de protecci\u00f3n de datos sobre los datos personales que usted nos proporciona o que nosotros encontramos. Al seguir esta pol\u00edtica, cumplimos las disposiciones de la legislaci\u00f3n sobre protecci\u00f3n de datos. Tenga en cuenta que no somos responsables de los datos que facilite a otros proveedores de servicios. S\u00f3lo tomamos medidas para garantizar que cualquier dato sobre usted facilitado por otros proveedores de servicios se proporcione cumpliendo plenamente los requisitos de la legislaci\u00f3n sobre protecci\u00f3n de datos y privacidad, tal y como se establece en nuestra Pol\u00edtica de privacidad.<\/p>\n<h5><strong>Google Analytics<\/strong><\/h5>\n<p>Este sitio web utiliza Google Analytics, un servicio de an\u00e1lisis web proporcionado por Google que ayuda a los sitios web a comprender c\u00f3mo personalizar sus p\u00e1ginas para mejorar la experiencia del usuario. Este servicio utiliza cookies para rastrear sus acciones, incluido el tiempo que pasa en nuestro sitio y las p\u00e1ginas que visita. Tenga en cuenta que no se recopilan datos personales suyos a trav\u00e9s del uso de nuestra cuenta de Google Analytics, por lo que no podemos identificar qui\u00e9n visita nuestro sitio. Para obtener m\u00e1s informaci\u00f3n sobre Google Analytics, visite la p\u00e1gina oficial.<\/p>\n<h5><strong>Remarketing de Google Adwords :<\/strong><\/h5>\n<p>Utilizamos el remarketing de Google AdWords con fines publicitarios en Internet. El programa de remarketing de AdWords permite mostrar anuncios relevantes seg\u00fan las p\u00e1ginas del sitio que visitas. Esta informaci\u00f3n se recopila mediante una cookie colocada en tu ordenador. ESTA COOKIE NO IDENTIFICAR\u00c1 DATOS PERSONALES NI PERMITIR\u00c1 EL ACCESO A TU ORDENADOR. Gracias al programa de Remarketing de Google AdWords, podemos personalizar nuestras acciones de marketing para satisfacer tus necesidades y mostrar solo los anuncios que probablemente te gusten.<\/p>\n<p>Facebook: P\u00edxel de audiencia personalizada (audiencia personalizada de su sitio web):<\/p>\n<p>Un p\u00edxel de Facebook de audiencia personalizada es un fragmento de c\u00f3digo JavaScript que se instala en cada p\u00e1gina de tu sitio web y que recopila y transmite los datos definidos por el usuario al programa de marketing de Facebook. Utilizamos este servicio para recopilar datos relacionados con el comportamiento de los usuarios en nuestro sitio web. Entre la informaci\u00f3n recopilada por el p\u00edxel se encuentra la sesi\u00f3n de navegaci\u00f3n del usuario, que se env\u00eda a Facebook junto con un ID cifrado y la URL visitada por el usuario. Cada usuario de Facebook tiene un ID de Facebook \u00fanico, independientemente del dispositivo utilizado, que nos ayuda a monitorear a los visitantes cuando acceden a nuestro sitio web desde diferentes tipos de dispositivos. Utilizamos estos datos para fines comerciales y, en particular, para dirigir la publicidad a trav\u00e9s de la plataforma publicitaria de Facebook.<\/p>\n<h5><strong>Bolet\u00edn informativo:<\/strong><\/h5>\n<p>Solo recibir\u00e1 informaci\u00f3n publicitaria a trav\u00e9s de nuestro bolet\u00edn informativo si nos autoriza a utilizar su direcci\u00f3n de correo electr\u00f3nico para este fin. Nuestro sitio o sus filiales nunca le enviar\u00e1n boletines informativos o correos electr\u00f3nicos de car\u00e1cter publicitario si no se ha suscrito a ellos. Al suscribirse a nuestro bolet\u00edn informativo, puede elegir sus intereses para recibir correos electr\u00f3nicos relacionados con ellos. Utilizamos esta informaci\u00f3n, as\u00ed como sus datos personales, para enviarle informaci\u00f3n que le resulte interesante. Si prefiere darse de baja de nuestro bolet\u00edn informativo o de nuestros correos electr\u00f3nicos publicitarios, puede hacer clic en el enlace para darse de baja que se encuentra en la parte inferior de nuestros correos electr\u00f3nicos.<\/p>\n<h5>Videovigilancia:<\/h5>\n<p>Los establecimientos est\u00e1n bajo videovigilancia por Les Domaines de Fontenille SAS para la seguridad de las personas y los bienes.<\/p>\n<p>Las im\u00e1genes se conservan durante un mes. En caso de incidente relacionado con la seguridad de personas y bienes, las im\u00e1genes de videovigilancia podr\u00e1n ser extra\u00eddas del dispositivo. Se conservar\u00e1n entonces en otro soporte mientras duren los procedimientos relacionados con dicho incidente y solo ser\u00e1n accesibles a las personas autorizadas en dicho marco.<\/p>\n<p>Las im\u00e1genes pueden ser vistas, en caso de incidente, por el personal autorizado del establecimiento en cuesti\u00f3n o de la sociedad Les Domaines de Fontenille SAS y por las fuerzas del orden. El personal de la sociedad encargado del mantenimiento del equipo tambi\u00e9n puede acceder a las im\u00e1genes, solo con esta finalidad.<\/p>\n<p>Para ejercer sus derechos de Inform\u00e1tica y Libertades, en particular su derecho de acceso a las im\u00e1genes que le conciernen, su derecho a solicitar su supresi\u00f3n, su derecho de oposici\u00f3n o para cualquier informaci\u00f3n sobre este dispositivo, puede contactarnos escribiendo a <strong>privacy@fontenillecollection.com<\/strong> o a la siguiente direcci\u00f3n postal: 9, avenue de l\u2019Op\u00e9ra, 75001 Par\u00eds.<\/p>\n<p>Si estime que, tras contactarnos, sus derechos de Inform\u00e1tica y Libertades no se respetan o que el dispositivo de v\u00eddeo no cumple las normas de protecci\u00f3n de datos, puede presentar una reclamaci\u00f3n en l\u00ednea a la CNIL o por correo postal.<\/p>\n<h5>Tratamiento de sus datos personales:<\/h5>\n<p>Los datos personales recopilados en el sitio web, a trav\u00e9s de formularios de contacto, por tel\u00e9fono, o por cualquier otro medio, se procesan de conformidad con el Reglamento (UE) 2016\/679 del Parlamento Europeo y del Consejo, de 27 de abril de 2016, relativo a la protecci\u00f3n de las personas f\u00edsicas en lo que respecta al tratamiento de datos de car\u00e1cter personal y a la libre circulaci\u00f3n de estos datos, y la ley 78-17 del 6 de enero de 1978, relativa a la inform\u00e1tica, a los archivos y a las libertades, m\u00e1s conocida como ley inform\u00e1tica y libertades.<\/p>\n<p>Las bases legales del tratamiento son la obligaci\u00f3n legal, el inter\u00e9s leg\u00edtimo (videovigilancia), el consentimiento (bolet\u00edn) o el contrato (reservas).<\/p>\n<p>Les Domaines de Fontenille SAS no conservar\u00e1 los datos personales del cliente por un tiempo superior al prescrito por las leyes y regulaciones aplicables a los datos personales.<\/p>\n<p>Les Domaines de Fontenille SAS no realiza transferencias para procesamiento, alojamiento o acceso remoto sin el acuerdo escrito y previo del cliente, fuera de los pa\u00edses de la Uni\u00f3n Europea y de los pa\u00edses reconocidos por la Comisi\u00f3n Europea como pa\u00edses que brindan una protecci\u00f3n adecuada en la fecha de la transferencia en cuesti\u00f3n. Usted tiene derecho de acceso, modificaci\u00f3n, rectificaci\u00f3n, retiro del consentimiento y supresi\u00f3n de los datos que le conciernen (art. 34 de la ley \u00abInformatique et Libert\u00e9s\u00bb).<\/p>\n<p>Para ejercerlo, dir\u00edjase a: privacy@fontenillecollection.com<\/p>\n<p><strong>Obligaci\u00f3n de informaci\u00f3n sobre el dispositivo Bloctel<\/strong> (art\u00edculo L223-2 del C\u00f3digo de Consumo)<\/p>\n<p>\u00abCuando un profesional deba recopilar datos telef\u00f3nicos de un consumidor, le informar\u00e1 de su derecho a inscribirse en la lista de oposici\u00f3n a la telemarketing. Cuando esta recopilaci\u00f3n de informaci\u00f3n tenga lugar en el contexto de la celebraci\u00f3n de un contrato, el contrato mencionar\u00e1, de forma clara y comprensible, la existencia de este derecho para el consumidor. \u00bb<\/p>\n<p>Puede inscribirse gratuitamente en la lista de oposici\u00f3n a la prospecci\u00f3n telef\u00f3nica llamada BLOCTEL.<\/p>\t\t\t\t\t\t\t\t<\/div>\n\t\t\t\t<\/div>\n\t\t\t\t\t<\/div>\n\t\t\t\t<\/div>\n\t\t\t\t<\/div>","protected":false},"excerpt":{"rendered":"<p>Politique de Confidentialit\u00e9 Informations g\u00e9n\u00e9rales : Lorsque vous visitez notre site Internet, diff\u00e9rents types d\u2019informations sont r\u00e9colt\u00e9s dont l\u2019adresse IP depuis laquelle vous acc\u00e9dez au site, la version et le type de navigateur utilis\u00e9s pour acc\u00e9der au site, le syst\u00e8me d\u2019exploitation utilis\u00e9, les domaines et l\u2019heure de la requ\u00eate. Ces informations ne nous permettent pas [&hellip;]<\/p>\n","protected":false},"author":2,"featured_media":0,"parent":0,"menu_order":0,"comment_status":"closed","ping_status":"closed","template":"","meta":{"_acf_changed":false,"footnotes":""},"class_list":["post-27679","page","type-page","status-publish","hentry"],"acf":[],"yoast_head":"<!-- This site is optimized with the Yoast SEO plugin v27.4 - https:\/\/yoast.com\/product\/yoast-seo-wordpress\/ -->\n<title>Confidentialit\u00e9 | H\u00f4tel Ch\u00e2teau Restaurant &amp; Spa de C\u00eeteaux<\/title>\n<meta name=\"description\" content=\"Politique de confidentialit\u00e9 du site de l\u2019h\u00f4tel Ch\u00e2teau de C\u00eeteaux, restaurant gastronomique et spa \u00e0 Meursault, en Bourgogne.\" \/>\n<meta name=\"robots\" content=\"index, follow, max-snippet:-1, max-image-preview:large, max-video-preview:-1\" \/>\n<link rel=\"canonical\" href=\"https:\/\/www.chateaudeciteaux.fontenille-collection.com\/es\/politica-de-privacidad-castillo-de-citeaux\/\" \/>\n<meta property=\"og:locale\" content=\"es_ES\" \/>\n<meta property=\"og:type\" content=\"article\" \/>\n<meta property=\"og:title\" content=\"Confidentialit\u00e9 | H\u00f4tel Ch\u00e2teau Restaurant &amp; Spa de C\u00eeteaux\" \/>\n<meta property=\"og:description\" content=\"Politique de confidentialit\u00e9 du site de l\u2019h\u00f4tel Ch\u00e2teau de C\u00eeteaux, restaurant gastronomique et spa \u00e0 Meursault, en Bourgogne.\" \/>\n<meta property=\"og:url\" content=\"https:\/\/www.chateaudeciteaux.fontenille-collection.com\/es\/politica-de-privacidad-castillo-de-citeaux\/\" \/>\n<meta property=\"og:site_name\" content=\"Ch\u00e2teau de C\u00eeteaux- H\u00f4tel, Restaurant &amp; Spa d\u2019exception pr\u00e8s de Beaune\" \/>\n<meta property=\"article:modified_time\" content=\"2026-04-07T15:17:19+00:00\" \/>\n<meta name=\"twitter:card\" content=\"summary_large_image\" \/>\n<meta name=\"twitter:label1\" content=\"Tiempo de lectura\" \/>\n\t<meta name=\"twitter:data1\" content=\"8 minutos\" \/>\n<script type=\"application\/ld+json\" class=\"yoast-schema-graph\">{\"@context\":\"https:\\\/\\\/schema.org\",\"@graph\":[{\"@type\":\"WebPage\",\"@id\":\"https:\\\/\\\/www.chateaudeciteaux.fontenille-collection.com\\\/politique-de-confidentialite-chateau-de-citeaux\\\/\",\"url\":\"https:\\\/\\\/www.chateaudeciteaux.fontenille-collection.com\\\/politique-de-confidentialite-chateau-de-citeaux\\\/\",\"name\":\"Confidentialit\u00e9 | H\u00f4tel Ch\u00e2teau Restaurant & Spa de C\u00eeteaux\",\"isPartOf\":{\"@id\":\"https:\\\/\\\/www.chateaudeciteaux.fontenille-collection.com\\\/#website\"},\"datePublished\":\"2025-10-05T16:20:17+00:00\",\"dateModified\":\"2026-04-07T15:17:19+00:00\",\"description\":\"Politique de confidentialit\u00e9 du site de l\u2019h\u00f4tel Ch\u00e2teau de C\u00eeteaux, restaurant gastronomique et spa \u00e0 Meursault, en Bourgogne.\",\"breadcrumb\":{\"@id\":\"https:\\\/\\\/www.chateaudeciteaux.fontenille-collection.com\\\/politique-de-confidentialite-chateau-de-citeaux\\\/#breadcrumb\"},\"inLanguage\":\"es\",\"potentialAction\":[{\"@type\":\"ReadAction\",\"target\":[\"https:\\\/\\\/www.chateaudeciteaux.fontenille-collection.com\\\/politique-de-confidentialite-chateau-de-citeaux\\\/\"]}]},{\"@type\":\"BreadcrumbList\",\"@id\":\"https:\\\/\\\/www.chateaudeciteaux.fontenille-collection.com\\\/politique-de-confidentialite-chateau-de-citeaux\\\/#breadcrumb\",\"itemListElement\":[{\"@type\":\"ListItem\",\"position\":1,\"name\":\"Accueil\",\"item\":\"https:\\\/\\\/www.chateaudeciteaux.fontenille-collection.com\\\/\"},{\"@type\":\"ListItem\",\"position\":2,\"name\":\"Confidentialit\u00e9\"}]},{\"@type\":\"WebSite\",\"@id\":\"https:\\\/\\\/www.chateaudeciteaux.fontenille-collection.com\\\/#website\",\"url\":\"https:\\\/\\\/www.chateaudeciteaux.fontenille-collection.com\\\/\",\"name\":\"Ch\u00e2teau de C\u00eeteaux - H\u00f4tel & Spa d\u2019exception pr\u00e8s de Meursault\",\"description\":\"Habiter la Bourgogne, autrement, entre vignes &amp; h\u00e9ritage\",\"publisher\":{\"@id\":\"https:\\\/\\\/www.chateaudeciteaux.fontenille-collection.com\\\/#organization\"},\"potentialAction\":[{\"@type\":\"SearchAction\",\"target\":{\"@type\":\"EntryPoint\",\"urlTemplate\":\"https:\\\/\\\/www.chateaudeciteaux.fontenille-collection.com\\\/?s={search_term_string}\"},\"query-input\":{\"@type\":\"PropertyValueSpecification\",\"valueRequired\":true,\"valueName\":\"search_term_string\"}}],\"inLanguage\":\"es\"},{\"@type\":\"Organization\",\"@id\":\"https:\\\/\\\/www.chateaudeciteaux.fontenille-collection.com\\\/#organization\",\"name\":\"Ch\u00e2teau de C\u00eeteaux - H\u00f4tel & Spa d\u2019exception pr\u00e8s de Meursault\",\"url\":\"https:\\\/\\\/www.chateaudeciteaux.fontenille-collection.com\\\/\",\"logo\":{\"@type\":\"ImageObject\",\"inLanguage\":\"es\",\"@id\":\"https:\\\/\\\/www.chateaudeciteaux.fontenille-collection.com\\\/#\\\/schema\\\/logo\\\/image\\\/\",\"url\":\"https:\\\/\\\/www.chateaudeciteaux.fontenille-collection.com\\\/wp-content\\\/uploads\\\/2026\\\/04\\\/CHATEAU-DE-CITEAUX_BLOCMARQUE_CEP_01.png\",\"contentUrl\":\"https:\\\/\\\/www.chateaudeciteaux.fontenille-collection.com\\\/wp-content\\\/uploads\\\/2026\\\/04\\\/CHATEAU-DE-CITEAUX_BLOCMARQUE_CEP_01.png\",\"width\":1618,\"height\":1265,\"caption\":\"Ch\u00e2teau de C\u00eeteaux - H\u00f4tel & Spa d\u2019exception pr\u00e8s de Meursault\"},\"image\":{\"@id\":\"https:\\\/\\\/www.chateaudeciteaux.fontenille-collection.com\\\/#\\\/schema\\\/logo\\\/image\\\/\"}}]}<\/script>\n<!-- \/ Yoast SEO plugin. -->","yoast_head_json":{"title":"Confidencialidad | Hotel Ch\u00e2teau Restaurant &amp; Spa de C\u00eeteaux","description":"Pol\u00edtica de privacidad del sitio web del hotel Ch\u00e2teau de C\u00eeteaux, restaurante gastron\u00f3mico y spa en Meursault, Borgo\u00f1a.","robots":{"index":"index","follow":"follow","max-snippet":"max-snippet:-1","max-image-preview":"max-image-preview:large","max-video-preview":"max-video-preview:-1"},"canonical":"https:\/\/www.chateaudeciteaux.fontenille-collection.com\/es\/politica-de-privacidad-castillo-de-citeaux\/","og_locale":"es_ES","og_type":"article","og_title":"Confidentialit\u00e9 | H\u00f4tel Ch\u00e2teau Restaurant & Spa de C\u00eeteaux","og_description":"Politique de confidentialit\u00e9 du site de l\u2019h\u00f4tel Ch\u00e2teau de C\u00eeteaux, restaurant gastronomique et spa \u00e0 Meursault, en Bourgogne.","og_url":"https:\/\/www.chateaudeciteaux.fontenille-collection.com\/es\/politica-de-privacidad-castillo-de-citeaux\/","og_site_name":"Ch\u00e2teau de C\u00eeteaux- H\u00f4tel, Restaurant &amp; Spa d\u2019exception pr\u00e8s de Beaune","article_modified_time":"2026-04-07T15:17:19+00:00","twitter_card":"summary_large_image","twitter_misc":{"Tiempo de lectura":"8 minutos"},"schema":{"@context":"https:\/\/schema.org","@graph":[{"@type":"WebPage","@id":"https:\/\/www.chateaudeciteaux.fontenille-collection.com\/politique-de-confidentialite-chateau-de-citeaux\/","url":"https:\/\/www.chateaudeciteaux.fontenille-collection.com\/politique-de-confidentialite-chateau-de-citeaux\/","name":"Confidencialidad | Hotel Ch\u00e2teau Restaurant &amp; Spa de C\u00eeteaux","isPartOf":{"@id":"https:\/\/www.chateaudeciteaux.fontenille-collection.com\/#website"},"datePublished":"2025-10-05T16:20:17+00:00","dateModified":"2026-04-07T15:17:19+00:00","description":"Pol\u00edtica de privacidad del sitio web del hotel Ch\u00e2teau de C\u00eeteaux, restaurante gastron\u00f3mico y spa en Meursault, Borgo\u00f1a.","breadcrumb":{"@id":"https:\/\/www.chateaudeciteaux.fontenille-collection.com\/politique-de-confidentialite-chateau-de-citeaux\/#breadcrumb"},"inLanguage":"es","potentialAction":[{"@type":"ReadAction","target":["https:\/\/www.chateaudeciteaux.fontenille-collection.com\/politique-de-confidentialite-chateau-de-citeaux\/"]}]},{"@type":"BreadcrumbList","@id":"https:\/\/www.chateaudeciteaux.fontenille-collection.com\/politique-de-confidentialite-chateau-de-citeaux\/#breadcrumb","itemListElement":[{"@type":"ListItem","position":1,"name":"Accueil","item":"https:\/\/www.chateaudeciteaux.fontenille-collection.com\/"},{"@type":"ListItem","position":2,"name":"Confidentialit\u00e9"}]},{"@type":"WebSite","@id":"https:\/\/www.chateaudeciteaux.fontenille-collection.com\/#website","url":"https:\/\/www.chateaudeciteaux.fontenille-collection.com\/","name":"Ch\u00e2teau de C\u00eeteaux - Hotel &amp; Spa excepcional cerca de Meursault","description":"Vivir en Borgo\u00f1a, de otra manera, entre vi\u00f1edos y patrimonio.","publisher":{"@id":"https:\/\/www.chateaudeciteaux.fontenille-collection.com\/#organization"},"potentialAction":[{"@type":"SearchAction","target":{"@type":"EntryPoint","urlTemplate":"https:\/\/www.chateaudeciteaux.fontenille-collection.com\/?s={search_term_string}"},"query-input":{"@type":"PropertyValueSpecification","valueRequired":true,"valueName":"search_term_string"}}],"inLanguage":"es"},{"@type":"Organization","@id":"https:\/\/www.chateaudeciteaux.fontenille-collection.com\/#organization","name":"Ch\u00e2teau de C\u00eeteaux - Hotel &amp; Spa excepcional cerca de Meursault","url":"https:\/\/www.chateaudeciteaux.fontenille-collection.com\/","logo":{"@type":"ImageObject","inLanguage":"es","@id":"https:\/\/www.chateaudeciteaux.fontenille-collection.com\/#\/schema\/logo\/image\/","url":"https:\/\/www.chateaudeciteaux.fontenille-collection.com\/wp-content\/uploads\/2026\/04\/CHATEAU-DE-CITEAUX_BLOCMARQUE_CEP_01.png","contentUrl":"https:\/\/www.chateaudeciteaux.fontenille-collection.com\/wp-content\/uploads\/2026\/04\/CHATEAU-DE-CITEAUX_BLOCMARQUE_CEP_01.png","width":1618,"height":1265,"caption":"Ch\u00e2teau de C\u00eeteaux - H\u00f4tel & Spa d\u2019exception pr\u00e8s de Meursault"},"image":{"@id":"https:\/\/www.chateaudeciteaux.fontenille-collection.com\/#\/schema\/logo\/image\/"}}]}},"_links":{"self":[{"href":"https:\/\/www.chateaudeciteaux.fontenille-collection.com\/es\/wp-json\/wp\/v2\/pages\/27679","targetHints":{"allow":["GET"]}}],"collection":[{"href":"https:\/\/www.chateaudeciteaux.fontenille-collection.com\/es\/wp-json\/wp\/v2\/pages"}],"about":[{"href":"https:\/\/www.chateaudeciteaux.fontenille-collection.com\/es\/wp-json\/wp\/v2\/types\/page"}],"author":[{"embeddable":true,"href":"https:\/\/www.chateaudeciteaux.fontenille-collection.com\/es\/wp-json\/wp\/v2\/users\/2"}],"replies":[{"embeddable":true,"href":"https:\/\/www.chateaudeciteaux.fontenille-collection.com\/es\/wp-json\/wp\/v2\/comments?post=27679"}],"version-history":[{"count":13,"href":"https:\/\/www.chateaudeciteaux.fontenille-collection.com\/es\/wp-json\/wp\/v2\/pages\/27679\/revisions"}],"predecessor-version":[{"id":30654,"href":"https:\/\/www.chateaudeciteaux.fontenille-collection.com\/es\/wp-json\/wp\/v2\/pages\/27679\/revisions\/30654"}],"wp:attachment":[{"href":"https:\/\/www.chateaudeciteaux.fontenille-collection.com\/es\/wp-json\/wp\/v2\/media?parent=27679"}],"curies":[{"name":"wp","href":"https:\/\/api.w.org\/{rel}","templated":true}]}}