{"id":27679,"date":"2025-10-05T16:20:17","date_gmt":"2025-10-05T16:20:17","guid":{"rendered":"https:\/\/www.chateaudeciteaux.fontenille-collection.com\/?page_id=27679"},"modified":"2026-04-07T15:17:19","modified_gmt":"2026-04-07T15:17:19","slug":"politica-sulla-privacy-chateau-de-citeaux","status":"publish","type":"page","link":"https:\/\/www.chateaudeciteaux.fontenille-collection.com\/it\/politica-sulla-privacy-chateau-de-citeaux\/","title":{"rendered":"Riservatezza"},"content":{"rendered":"<div data-elementor-type=\"wp-page\" data-elementor-id=\"27679\" class=\"elementor elementor-27679\" data-elementor-settings=\"{&quot;asli_hide_title_disabled&quot;:&quot;yes&quot;}\" data-elementor-post-type=\"page\">\n\t\t\t\t<div class=\"elementor-element elementor-element-f9d8ca2 e-flex e-con-boxed pt-xlarge px-gutters-horizontal e-con e-parent\" data-id=\"f9d8ca2\" data-element_type=\"container\" data-e-type=\"container\" data-settings=\"{&quot;background_background&quot;:&quot;classic&quot;}\">\n\t\t\t\t\t<div class=\"e-con-inner\">\n\t\t\t\t<div class=\"elementor-element elementor-element-2917c42f elementor-widget elementor-widget-text-editor\" data-id=\"2917c42f\" data-element_type=\"widget\" data-e-type=\"widget\" data-widget_type=\"text-editor.default\">\n\t\t\t\t<div class=\"elementor-widget-container\">\n\t\t\t\t\t\t\t\t\t<h2>Informativa sulla Privacy<\/h2>\n<p><!-- \/wp:heading --><!-- wp:paragraph --><\/p>\n<h5><strong>Informazioni generali:<\/strong><\/h5>\n<p>Quando visitate il nostro sito web, vengono raccolti diversi tipi di informazioni, tra cui l'indirizzo IP da cui accedete al sito, la versione e il tipo di browser utilizzati per accedere al sito, il sistema operativo utilizzato, i domini e l'ora della richiesta. Queste informazioni non ci consentono di identificare l'utente e questo non \u00e8 il nostro obiettivo. Utilizziamo le informazioni raccolte a fini esclusivamente statistici che ci consentono principalmente di migliorare il contenuto e la presentazione del nostro sito web. Si prega di notare che potremmo raccogliere dati aggiuntivi, come nome, indirizzi postali ed e-mail, numero di telefono, che ci fornirete volontariamente navigando sul nostro sito. Potete anche pagare e utilizzare i nostri servizi utilizzando uno pseudonimo o dati resi anonimi, senza indicarci i dati personali sopra menzionati.<\/p>\n<h5><strong>Biscotti<\/strong><\/h5>\n<p>Questo sito web utilizza i cookie per raccogliere dati a fini statistici. I cookie sono piccoli file memorizzati sul disco rigido del vostro computer; quando navigate sul nostro sito, monitorano la vostra attivit\u00e0 e ci forniscono dati chiave per facilitare la navigazione. Se i cookie vengono memorizzati sul vostro computer, non dovrete inserire tutti i dati necessari per accedere al sito ogni volta che lo visitate. Questi dati ci permettono di personalizzare il nostro sito web in base ai vostri gusti e alle vostre esigenze; questo fa parte del nostro sforzo generale per fornirvi un accesso continuo alle nostre pagine e ai nostri servizi. Se non desiderate che i cookie vengano memorizzati sul vostro computer, potete utilizzare le impostazioni del vostro browser per bloccare i cookie dal nostro sito. Per sapere come configurare il vostro browser per gestire i cookie, visitate il centro assistenza del vostro browser. Potete cancellare i cookie gi\u00e0 memorizzati sul vostro computer ogni volta che lo desiderate. Si noti che il blocco dei cookie pu\u00f2 limitare l'accesso ad alcune funzioni del nostro sito e comportare un'esperienza di navigazione meno fluida.<\/p>\n<h5><strong>Comunicazione dei dati a terzi:<\/strong><\/h5>\n<p>Se non diversamente indicato nella presente informativa, tutti i dati che condividete con noi, o che raccogliamo da voi quando navigate sul nostro sito, saranno mantenuti segreti e non saranno divulgati a terzi, tranne nei casi in cui ci\u00f2 sia richiesto dalla legge o in cui i dati debbano essere trasmessi per adempiere al rapporto contrattuale che avete sottoscritto. Societ\u00e0 terze e associate, comprese le societ\u00e0 di pagamento online, avranno accesso a questi dati solo se necessario per elaborare l'ordine. In questi casi, ci assicureremo che la portata della trasmissione dei dati sia limitata al minimo indispensabile concordato. Inoltre, imponiamo una rigorosa politica di protezione dei dati personali che ci fornite o che troviamo. Seguendo questa politica, ci atteniamo alle disposizioni della legislazione sulla protezione dei dati. Si prega di notare che non siamo responsabili per i dati forniti ad altri fornitori di servizi. Prendiamo provvedimenti solo per garantire che i dati che vi riguardano forniti da altri fornitori di servizi siano forniti nel pieno rispetto dei requisiti delle leggi sulla protezione dei dati e sulla privacy, come indicato nella nostra Informativa sulla privacy.<\/p>\n<h5><strong>Google Analytics :<\/strong><\/h5>\n<p>Questo sito web utilizza Google Analytics, un servizio di analisi web fornito da Google, che aiuta i siti web a capire come personalizzare le loro pagine per migliorare l'esperienza utente. Questo servizio utilizza i cookie per monitorare le tue azioni, compreso il tempo che trascorri sul nostro sito e le pagine che visiti. Tieni presente che nessuno dei tuoi dati personali viene raccolto attraverso l'uso del nostro account Google Analytics, quindi non siamo in grado di identificare chi visita il nostro sito. Per saperne di pi\u00f9 su Google Analytics, visita la pagina ufficiale.<\/p>\n<h5><strong>Remarketing Google Adwords:<\/strong><\/h5>\n<p>Utilizziamo il remarketing di Google AdWords a fini pubblicitari su Internet. Il programma di remarketing di AdWords consente di visualizzare annunci pertinenti in base alle pagine del sito che visitate. Queste informazioni vengono raccolte tramite un cookie posizionato sul vostro computer. QUESTO COOKIE NON IDENTIFICHER\u00c0 ALCUN DATO PERSONALE E NON AUTORIZZER\u00c0 L'ACCESSO AL VOSTRO COMPUTER. Grazie al programma di Remarketing di Google AdWords, siamo in grado di personalizzare le nostre azioni di marketing per soddisfare le vostre esigenze e visualizzare solo gli annunci che potrebbero interessarvi.<\/p>\n<p>Facebook: Pixel per il pubblico personalizzato (pubblico personalizzato dal tuo sito web):<\/p>\n<p>Un pixel di pubblico personalizzato di Facebook \u00e8 un frammento di codice JavaScript installato su ogni pagina del tuo sito che raccoglie e trasmette i dati definiti dall'utente al programma di marketing di Facebook. Utilizziamo questo servizio per raccogliere dati relativi al comportamento degli utenti sul nostro sito. Tra le informazioni raccolte dal pixel, vi \u00e8 la sessione di navigazione dell'utente che viene inviata a Facebook insieme a un ID hash e all'URL visitato dall'utente. Ogni utente di Facebook ha un ID di Facebook univoco, indipendentemente dal dispositivo utilizzato, che ci aiuta a monitorare i visitatori quando accedono al nostro sito da diversi tipi di dispositivi. Utilizziamo questi dati per scopi commerciali e in particolare per indirizzare gli annunci con la piattaforma pubblicitaria di Facebook.<\/p>\n<h5><strong>Newsletter :<\/strong><\/h5>\n<p>Riceverai informazioni pubblicitarie tramite la nostra newsletter solo se ci autorizzi a utilizzare il tuo indirizzo e-mail a tale scopo. Il nostro sito o le sue filiali non ti invieranno mai newsletter o e-mail a carattere pubblicitario se non ti sei iscritto. Iscrivendoti alla nostra newsletter, potrai scegliere i tuoi interessi e ricevere cos\u00ec le e-mail ad essi correlate. Utilizziamo queste indicazioni insieme ai tuoi dati personali per inviarti informazioni di tuo interesse. Se preferisci disiscriverti dalla nostra newsletter o dalle nostre e-mail pubblicitarie, puoi cliccare sul link di disiscrizione presente in fondo alle nostre e-mail.<\/p>\n<h5>Videosorveglianza:<\/h5>\n<p>Le strutture sono sottoposte a videosorveglianza da parte di Les Domaines de Fontenille SAS per la sicurezza delle persone e dei beni.<\/p>\n<p>Le immagini vengono conservate per un mese. In caso di incidente legato alla sicurezza delle persone e dei beni, le immagini di videosorveglianza possono tuttavia essere estratte dal dispositivo. Vengono quindi conservate su un altro supporto per la durata del disbrigo delle procedure relative a tale incidente e accessibili unicamente alle persone autorizzate in tale ambito.<\/p>\n<p>Le immagini possono essere visionate, in caso di incidente, dal personale autorizzato della struttura interessata o della societ\u00e0 Les Domaines de Fontenille SAS e dalle forze dell'ordine. Il personale della societ\u00e0 incaricato della manutenzione dell'attrezzatura pu\u00f2 anch'esso accedere alle immagini, ai soli fini menzionati.<\/p>\n<p>Per esercitare i tuoi diritti di informatica e libert\u00e0, in particolare il tuo diritto di accesso alle immagini che ti riguardano, il tuo diritto di richiederne la cancellazione, il tuo diritto di opposizione o per qualsiasi informazione su questo dispositivo, puoi contattarci scrivendo a <strong>privacy@fontenillecollection.com<\/strong> o all'indirizzo postale: 9, avenue de l'Op\u00e9ra, 75001 Parigi.<\/p>\n<p>Se ritieni, dopo averci contattato, che i tuoi diritti in materia di informatica e libert\u00e0 non vengano rispettati o che il dispositivo video non sia conforme alle norme di protezione dei dati, puoi presentare un reclamo online alla CNIL o per corrispondenza postale.<\/p>\n<h5>Trattamento dei tuoi dati personali:<\/h5>\n<p>I dati personali raccolti sul sito web, tramite i moduli di contatto, telefonicamente o con qualsiasi altro mezzo, sono trattati in conformit\u00e0 al Regolamento (UE) 2016\/679 del Parlamento europeo e del Consiglio del 27 aprile 2016, relativo alla protezione delle persone fisiche rispetto al trattamento dei dati di carattere personale e alla libera circolazione di tali dati, e alla legge n. 78-17 del 6 gennaio 1978 relativa all'informatica, ai file e alle libert\u00e0, pi\u00f9 nota come legge informatica e libert\u00e0.<\/p>\n<p>Le basi legali del trattamento sono l'obbligo legale, l'interesse legittimo (videosorveglianza), il consenso (newsletter) o il contratto (prenotazioni).<\/p>\n<p>Les Domaines de Fontenille SAS non conserver\u00e0 i dati personali del cliente pi\u00f9 a lungo del periodo previsto dalle leggi e dai regolamenti applicabili ai dati personali.<\/p>\n<p>Les Domaines de Fontenille SAS non effettua trasferimenti a fini di trattamento, archiviazione o accesso remoto, senza il previo consenso scritto del cliente, al di fuori dei paesi dell'Unione Europea e dei paesi riconosciuti dalla Commissione Europea come paesi che garantiscono un livello di protezione adeguato alla data del trasferimento in questione. Lei dispone di un diritto di accesso, modifica, rettifica, revoca del consenso e cancellazione dei dati che la riguardano (art. 34 della legge \u00abInformatica e Libert\u00e0\u00bb).<\/p>\n<p>Per esercitarli, rivolgersi a: privacy@fontenillecollection.com<\/p>\n<p><strong>OBBLIGO DI INFORMAZIONE SUL SERVIZIO BLOCTEL<\/strong> (art. L223-2 del Codice del Consumo)<\/p>\n<p>\u00ab Quando un professionista \u00e8 portato a raccogliere dati telefonici da un consumatore, lo informa del suo diritto di iscriversi all'elenco di opposizione al telemarketing. Quando questa raccolta di informazioni avviene in occasione della conclusione di un contratto, il contratto menziona, in modo chiaro e comprensibile, l'esistenza di questo diritto per il consumatore. \u00bb<\/p>\n<p>Puoi iscriverti gratuitamente alla lista di opposizione al telemarketing chiamata BLOCTEL.<\/p>\t\t\t\t\t\t\t\t<\/div>\n\t\t\t\t<\/div>\n\t\t\t\t\t<\/div>\n\t\t\t\t<\/div>\n\t\t\t\t<\/div>","protected":false},"excerpt":{"rendered":"<p>Politique de Confidentialit\u00e9 Informations g\u00e9n\u00e9rales : Lorsque vous visitez notre site Internet, diff\u00e9rents types d\u2019informations sont r\u00e9colt\u00e9s dont l\u2019adresse IP depuis laquelle vous acc\u00e9dez au site, la version et le type de navigateur utilis\u00e9s pour acc\u00e9der au site, le syst\u00e8me d\u2019exploitation utilis\u00e9, les domaines et l\u2019heure de la requ\u00eate. Ces informations ne nous permettent pas [&hellip;]<\/p>\n","protected":false},"author":2,"featured_media":0,"parent":0,"menu_order":0,"comment_status":"closed","ping_status":"closed","template":"","meta":{"_acf_changed":false,"footnotes":""},"class_list":["post-27679","page","type-page","status-publish","hentry"],"acf":[],"yoast_head":"<!-- This site is optimized with the Yoast SEO plugin v27.4 - https:\/\/yoast.com\/product\/yoast-seo-wordpress\/ -->\n<title>Confidentialit\u00e9 | H\u00f4tel Ch\u00e2teau Restaurant &amp; Spa de C\u00eeteaux<\/title>\n<meta name=\"description\" content=\"Politique de confidentialit\u00e9 du site de l\u2019h\u00f4tel Ch\u00e2teau de C\u00eeteaux, restaurant gastronomique et spa \u00e0 Meursault, en Bourgogne.\" \/>\n<meta name=\"robots\" content=\"index, follow, max-snippet:-1, max-image-preview:large, max-video-preview:-1\" \/>\n<link rel=\"canonical\" href=\"https:\/\/www.chateaudeciteaux.fontenille-collection.com\/it\/politica-sulla-privacy-chateau-de-citeaux\/\" \/>\n<meta property=\"og:locale\" content=\"it_IT\" \/>\n<meta property=\"og:type\" content=\"article\" \/>\n<meta property=\"og:title\" content=\"Confidentialit\u00e9 | H\u00f4tel Ch\u00e2teau Restaurant &amp; Spa de C\u00eeteaux\" \/>\n<meta property=\"og:description\" content=\"Politique de confidentialit\u00e9 du site de l\u2019h\u00f4tel Ch\u00e2teau de C\u00eeteaux, restaurant gastronomique et spa \u00e0 Meursault, en Bourgogne.\" \/>\n<meta property=\"og:url\" content=\"https:\/\/www.chateaudeciteaux.fontenille-collection.com\/it\/politica-sulla-privacy-chateau-de-citeaux\/\" \/>\n<meta property=\"og:site_name\" content=\"Ch\u00e2teau de C\u00eeteaux- H\u00f4tel, Restaurant &amp; Spa d\u2019exception pr\u00e8s de Beaune\" \/>\n<meta property=\"article:modified_time\" content=\"2026-04-07T15:17:19+00:00\" \/>\n<meta name=\"twitter:card\" content=\"summary_large_image\" \/>\n<meta name=\"twitter:label1\" content=\"Tempo di lettura stimato\" \/>\n\t<meta name=\"twitter:data1\" content=\"8 minuti\" \/>\n<script type=\"application\/ld+json\" class=\"yoast-schema-graph\">{\"@context\":\"https:\\\/\\\/schema.org\",\"@graph\":[{\"@type\":\"WebPage\",\"@id\":\"https:\\\/\\\/www.chateaudeciteaux.fontenille-collection.com\\\/politique-de-confidentialite-chateau-de-citeaux\\\/\",\"url\":\"https:\\\/\\\/www.chateaudeciteaux.fontenille-collection.com\\\/politique-de-confidentialite-chateau-de-citeaux\\\/\",\"name\":\"Confidentialit\u00e9 | H\u00f4tel Ch\u00e2teau Restaurant & Spa de C\u00eeteaux\",\"isPartOf\":{\"@id\":\"https:\\\/\\\/www.chateaudeciteaux.fontenille-collection.com\\\/#website\"},\"datePublished\":\"2025-10-05T16:20:17+00:00\",\"dateModified\":\"2026-04-07T15:17:19+00:00\",\"description\":\"Politique de confidentialit\u00e9 du site de l\u2019h\u00f4tel Ch\u00e2teau de C\u00eeteaux, restaurant gastronomique et spa \u00e0 Meursault, en Bourgogne.\",\"breadcrumb\":{\"@id\":\"https:\\\/\\\/www.chateaudeciteaux.fontenille-collection.com\\\/politique-de-confidentialite-chateau-de-citeaux\\\/#breadcrumb\"},\"inLanguage\":\"it-IT\",\"potentialAction\":[{\"@type\":\"ReadAction\",\"target\":[\"https:\\\/\\\/www.chateaudeciteaux.fontenille-collection.com\\\/politique-de-confidentialite-chateau-de-citeaux\\\/\"]}]},{\"@type\":\"BreadcrumbList\",\"@id\":\"https:\\\/\\\/www.chateaudeciteaux.fontenille-collection.com\\\/politique-de-confidentialite-chateau-de-citeaux\\\/#breadcrumb\",\"itemListElement\":[{\"@type\":\"ListItem\",\"position\":1,\"name\":\"Accueil\",\"item\":\"https:\\\/\\\/www.chateaudeciteaux.fontenille-collection.com\\\/\"},{\"@type\":\"ListItem\",\"position\":2,\"name\":\"Confidentialit\u00e9\"}]},{\"@type\":\"WebSite\",\"@id\":\"https:\\\/\\\/www.chateaudeciteaux.fontenille-collection.com\\\/#website\",\"url\":\"https:\\\/\\\/www.chateaudeciteaux.fontenille-collection.com\\\/\",\"name\":\"Ch\u00e2teau de C\u00eeteaux - H\u00f4tel & Spa d\u2019exception pr\u00e8s de Meursault\",\"description\":\"Habiter la Bourgogne, autrement, entre vignes &amp; h\u00e9ritage\",\"publisher\":{\"@id\":\"https:\\\/\\\/www.chateaudeciteaux.fontenille-collection.com\\\/#organization\"},\"potentialAction\":[{\"@type\":\"SearchAction\",\"target\":{\"@type\":\"EntryPoint\",\"urlTemplate\":\"https:\\\/\\\/www.chateaudeciteaux.fontenille-collection.com\\\/?s={search_term_string}\"},\"query-input\":{\"@type\":\"PropertyValueSpecification\",\"valueRequired\":true,\"valueName\":\"search_term_string\"}}],\"inLanguage\":\"it-IT\"},{\"@type\":\"Organization\",\"@id\":\"https:\\\/\\\/www.chateaudeciteaux.fontenille-collection.com\\\/#organization\",\"name\":\"Ch\u00e2teau de C\u00eeteaux - H\u00f4tel & Spa d\u2019exception pr\u00e8s de Meursault\",\"url\":\"https:\\\/\\\/www.chateaudeciteaux.fontenille-collection.com\\\/\",\"logo\":{\"@type\":\"ImageObject\",\"inLanguage\":\"it-IT\",\"@id\":\"https:\\\/\\\/www.chateaudeciteaux.fontenille-collection.com\\\/#\\\/schema\\\/logo\\\/image\\\/\",\"url\":\"https:\\\/\\\/www.chateaudeciteaux.fontenille-collection.com\\\/wp-content\\\/uploads\\\/2026\\\/04\\\/CHATEAU-DE-CITEAUX_BLOCMARQUE_CEP_01.png\",\"contentUrl\":\"https:\\\/\\\/www.chateaudeciteaux.fontenille-collection.com\\\/wp-content\\\/uploads\\\/2026\\\/04\\\/CHATEAU-DE-CITEAUX_BLOCMARQUE_CEP_01.png\",\"width\":1618,\"height\":1265,\"caption\":\"Ch\u00e2teau de C\u00eeteaux - H\u00f4tel & Spa d\u2019exception pr\u00e8s de Meursault\"},\"image\":{\"@id\":\"https:\\\/\\\/www.chateaudeciteaux.fontenille-collection.com\\\/#\\\/schema\\\/logo\\\/image\\\/\"}}]}<\/script>\n<!-- \/ Yoast SEO plugin. -->","yoast_head_json":{"title":"Riservatezza | H\u00f4tel Ch\u00e2teau Restaurant &amp; Spa de C\u00eeteaux","description":"Informativa sulla privacy del sito dell'Hotel Ch\u00e2teau de C\u00eeteaux, ristorante gastronomico e spa a Meursault, in Borgogna.","robots":{"index":"index","follow":"follow","max-snippet":"max-snippet:-1","max-image-preview":"max-image-preview:large","max-video-preview":"max-video-preview:-1"},"canonical":"https:\/\/www.chateaudeciteaux.fontenille-collection.com\/it\/politica-sulla-privacy-chateau-de-citeaux\/","og_locale":"it_IT","og_type":"article","og_title":"Confidentialit\u00e9 | H\u00f4tel Ch\u00e2teau Restaurant & Spa de C\u00eeteaux","og_description":"Politique de confidentialit\u00e9 du site de l\u2019h\u00f4tel Ch\u00e2teau de C\u00eeteaux, restaurant gastronomique et spa \u00e0 Meursault, en Bourgogne.","og_url":"https:\/\/www.chateaudeciteaux.fontenille-collection.com\/it\/politica-sulla-privacy-chateau-de-citeaux\/","og_site_name":"Ch\u00e2teau de C\u00eeteaux- H\u00f4tel, Restaurant &amp; Spa d\u2019exception pr\u00e8s de Beaune","article_modified_time":"2026-04-07T15:17:19+00:00","twitter_card":"summary_large_image","twitter_misc":{"Tempo di lettura stimato":"8 minuti"},"schema":{"@context":"https:\/\/schema.org","@graph":[{"@type":"WebPage","@id":"https:\/\/www.chateaudeciteaux.fontenille-collection.com\/politique-de-confidentialite-chateau-de-citeaux\/","url":"https:\/\/www.chateaudeciteaux.fontenille-collection.com\/politique-de-confidentialite-chateau-de-citeaux\/","name":"Riservatezza | H\u00f4tel Ch\u00e2teau Restaurant &amp; Spa de C\u00eeteaux","isPartOf":{"@id":"https:\/\/www.chateaudeciteaux.fontenille-collection.com\/#website"},"datePublished":"2025-10-05T16:20:17+00:00","dateModified":"2026-04-07T15:17:19+00:00","description":"Informativa sulla privacy del sito dell'Hotel Ch\u00e2teau de C\u00eeteaux, ristorante gastronomico e spa a Meursault, in Borgogna.","breadcrumb":{"@id":"https:\/\/www.chateaudeciteaux.fontenille-collection.com\/politique-de-confidentialite-chateau-de-citeaux\/#breadcrumb"},"inLanguage":"it-IT","potentialAction":[{"@type":"ReadAction","target":["https:\/\/www.chateaudeciteaux.fontenille-collection.com\/politique-de-confidentialite-chateau-de-citeaux\/"]}]},{"@type":"BreadcrumbList","@id":"https:\/\/www.chateaudeciteaux.fontenille-collection.com\/politique-de-confidentialite-chateau-de-citeaux\/#breadcrumb","itemListElement":[{"@type":"ListItem","position":1,"name":"Accueil","item":"https:\/\/www.chateaudeciteaux.fontenille-collection.com\/"},{"@type":"ListItem","position":2,"name":"Confidentialit\u00e9"}]},{"@type":"WebSite","@id":"https:\/\/www.chateaudeciteaux.fontenille-collection.com\/#website","url":"https:\/\/www.chateaudeciteaux.fontenille-collection.com\/","name":"Ch\u00e2teau de C\u00eeteaux - Hotel &amp; Spa eccezionale vicino a Meursault","description":"Vivere la Borgogna, in modo diverso, tra vigne e eredit\u00e0","publisher":{"@id":"https:\/\/www.chateaudeciteaux.fontenille-collection.com\/#organization"},"potentialAction":[{"@type":"SearchAction","target":{"@type":"EntryPoint","urlTemplate":"https:\/\/www.chateaudeciteaux.fontenille-collection.com\/?s={search_term_string}"},"query-input":{"@type":"PropertyValueSpecification","valueRequired":true,"valueName":"search_term_string"}}],"inLanguage":"it-IT"},{"@type":"Organization","@id":"https:\/\/www.chateaudeciteaux.fontenille-collection.com\/#organization","name":"Ch\u00e2teau de C\u00eeteaux - Hotel &amp; Spa eccezionale vicino a Meursault","url":"https:\/\/www.chateaudeciteaux.fontenille-collection.com\/","logo":{"@type":"ImageObject","inLanguage":"it-IT","@id":"https:\/\/www.chateaudeciteaux.fontenille-collection.com\/#\/schema\/logo\/image\/","url":"https:\/\/www.chateaudeciteaux.fontenille-collection.com\/wp-content\/uploads\/2026\/04\/CHATEAU-DE-CITEAUX_BLOCMARQUE_CEP_01.png","contentUrl":"https:\/\/www.chateaudeciteaux.fontenille-collection.com\/wp-content\/uploads\/2026\/04\/CHATEAU-DE-CITEAUX_BLOCMARQUE_CEP_01.png","width":1618,"height":1265,"caption":"Ch\u00e2teau de C\u00eeteaux - H\u00f4tel & Spa d\u2019exception pr\u00e8s de Meursault"},"image":{"@id":"https:\/\/www.chateaudeciteaux.fontenille-collection.com\/#\/schema\/logo\/image\/"}}]}},"_links":{"self":[{"href":"https:\/\/www.chateaudeciteaux.fontenille-collection.com\/it\/wp-json\/wp\/v2\/pages\/27679","targetHints":{"allow":["GET"]}}],"collection":[{"href":"https:\/\/www.chateaudeciteaux.fontenille-collection.com\/it\/wp-json\/wp\/v2\/pages"}],"about":[{"href":"https:\/\/www.chateaudeciteaux.fontenille-collection.com\/it\/wp-json\/wp\/v2\/types\/page"}],"author":[{"embeddable":true,"href":"https:\/\/www.chateaudeciteaux.fontenille-collection.com\/it\/wp-json\/wp\/v2\/users\/2"}],"replies":[{"embeddable":true,"href":"https:\/\/www.chateaudeciteaux.fontenille-collection.com\/it\/wp-json\/wp\/v2\/comments?post=27679"}],"version-history":[{"count":13,"href":"https:\/\/www.chateaudeciteaux.fontenille-collection.com\/it\/wp-json\/wp\/v2\/pages\/27679\/revisions"}],"predecessor-version":[{"id":30654,"href":"https:\/\/www.chateaudeciteaux.fontenille-collection.com\/it\/wp-json\/wp\/v2\/pages\/27679\/revisions\/30654"}],"wp:attachment":[{"href":"https:\/\/www.chateaudeciteaux.fontenille-collection.com\/it\/wp-json\/wp\/v2\/media?parent=27679"}],"curies":[{"name":"wp","href":"https:\/\/api.w.org\/{rel}","templated":true}]}}